{"id":3157,"date":"2023-10-10T12:14:07","date_gmt":"2023-10-10T11:14:07","guid":{"rendered":"https:\/\/hotelfossettelavandou.com\/?page_id=3157"},"modified":"2026-04-07T15:02:31","modified_gmt":"2026-04-07T14:02:31","slug":"politique-de-confidentialite","status":"publish","type":"page","link":"https:\/\/hotelfossettelavandou.com\/en\/politique-de-confidentialite\/","title":{"rendered":"Politique de Confidentialit\u00e9"},"content":{"rendered":"<div data-elementor-type=\"wp-page\" data-elementor-id=\"3157\" class=\"elementor elementor-3157\" data-elementor-post-type=\"page\">\n\t\t\t\t\t\t<section class=\"elementor-section elementor-top-section elementor-element elementor-element-a2554e7 elementor-section-height-min-height cs-section-content-fullwidth cs-parallax-on-scroll cs_scroll_y_80 elementor-section-boxed elementor-section-height-default elementor-section-items-middle\" data-id=\"a2554e7\" data-element_type=\"section\" data-e-type=\"section\" data-settings=\"{&quot;background_background&quot;:&quot;classic&quot;}\" data-cs-parallax-y=\"80\" style=\"background-image: none;\" data-cs-background-image=\"https:\/\/hotelfossettelavandou.com\/wp-content\/uploads\/2026\/04\/WhatsApp-Image-2026-04-07-at-6.32.53-PM.jpeg\">\n\t\t\t\t\t\t\t<div class=\"elementor-background-overlay\"><\/div>\n\t\t\t\t\t\t\t<div class=\"elementor-container elementor-column-gap-no\">\n\t\t\t\t\t<div class=\"elementor-column elementor-col-100 elementor-top-column elementor-element elementor-element-4bf78b4 dark-color\" data-id=\"4bf78b4\" data-element_type=\"column\" data-e-type=\"column\">\n\t\t\t<div class=\"elementor-widget-wrap elementor-element-populated\">\n\t\t\t\t\t\t<div class=\"elementor-element elementor-element-023f89d elementor-widget elementor-widget-cs_title\" data-id=\"023f89d\" data-element_type=\"widget\" data-e-type=\"widget\" data-widget_type=\"cs_title.default\">\n\t\t\t\t<div class=\"elementor-widget-container\">\n\t\t\t\t\t\n        <div class=\"cs-title-wrap text-center\">\t            <h3 class=\"cs-title\">\n\t                Politique de Confidentialit\u00e9\t            <\/h3>        <\/div>\t\t\t\t<\/div>\n\t\t\t\t<\/div>\n\t\t\t\t\t<\/div>\n\t\t<\/div>\n\t\t\t\t\t<\/div>\n\t\t<\/section>\n\t\t<div class=\"elementor-element elementor-element-d93ee65 e-flex e-con-boxed e-con e-parent\" data-id=\"d93ee65\" data-element_type=\"container\" data-e-type=\"container\">\n\t\t\t\t\t<div class=\"e-con-inner\">\n\t\t\t\t<div class=\"elementor-element elementor-element-ca595a8 elementor-widget elementor-widget-heading\" data-id=\"ca595a8\" data-element_type=\"widget\" data-e-type=\"widget\" data-widget_type=\"heading.default\">\n\t\t\t\t<div class=\"elementor-widget-container\">\n\t\t\t\t\t<h3 class=\"elementor-heading-title elementor-size-default\">1. Collecte des informations<\/h3>\t\t\t\t<\/div>\n\t\t\t\t<\/div>\n\t\t\t\t<div class=\"elementor-element elementor-element-404cd8e elementor-widget elementor-widget-text-editor\" data-id=\"404cd8e\" data-element_type=\"widget\" data-e-type=\"widget\" data-widget_type=\"text-editor.default\">\n\t\t\t\t<div class=\"elementor-widget-container\">\n\t\t\t\t\t\t\t\t\tLors de votre visite sur le site hotelfossettelavandou.com nous pouvons collecter certaines informations vous concernant, notamment :\n\u2022\tNom, pr\u00e9nom, adresse e-mail et num\u00e9ro de t\u00e9l\u00e9phone (lors de r\u00e9servation ou demande d\u2019information). \n\u2022\tInformations de paiement (s\u00e9curis\u00e9es et utilis\u00e9es uniquement pour traiter votre r\u00e9servation). \n\u2022\tDonn\u00e9es de navigation sur le site (pages consult\u00e9es, dur\u00e9e de visite, cookies, etc.). \nCes informations sont collect\u00e9es uniquement dans le but de g\u00e9rer votre r\u00e9servation, am\u00e9liorer nos services et communiquer avec vous.\n\t\t\t\t\t\t\t\t<\/div>\n\t\t\t\t<\/div>\n\t\t\t\t<div class=\"elementor-element elementor-element-4f88d0d elementor-widget elementor-widget-heading\" data-id=\"4f88d0d\" data-element_type=\"widget\" data-e-type=\"widget\" data-widget_type=\"heading.default\">\n\t\t\t\t<div class=\"elementor-widget-container\">\n\t\t\t\t\t<h3 class=\"elementor-heading-title elementor-size-default\">2. Utilisation des donn\u00e9es<\/h3>\t\t\t\t<\/div>\n\t\t\t\t<\/div>\n\t\t\t\t<div class=\"elementor-element elementor-element-a9eaa51 elementor-widget elementor-widget-text-editor\" data-id=\"a9eaa51\" data-element_type=\"widget\" data-e-type=\"widget\" data-widget_type=\"text-editor.default\">\n\t\t\t\t<div class=\"elementor-widget-container\">\n\t\t\t\t\t\t\t\t\tVos donn\u00e9es personnelles peuvent \u00eatre utilis\u00e9es pour :\n\u2022\tTraiter vos r\u00e9servations et demandes. \n\u2022\tVous envoyer des informations sur nos services ou promotions (avec votre consentement). \n\u2022\tAnalyser et am\u00e9liorer la navigation sur notre site. \n\u2022\tRespecter nos obligations l\u00e9gales et fiscales. \nNous ne vendons ni ne partageons vos donn\u00e9es personnelles avec des tiers \u00e0 des fins commerciales sans votre consentement.\n\t\t\t\t\t\t\t\t<\/div>\n\t\t\t\t<\/div>\n\t\t\t\t<div class=\"elementor-element elementor-element-e3f7ecf elementor-widget elementor-widget-heading\" data-id=\"e3f7ecf\" data-element_type=\"widget\" data-e-type=\"widget\" data-widget_type=\"heading.default\">\n\t\t\t\t<div class=\"elementor-widget-container\">\n\t\t\t\t\t<h3 class=\"elementor-heading-title elementor-size-default\">3. Base l\u00e9gale du traitement<\/h3>\t\t\t\t<\/div>\n\t\t\t\t<\/div>\n\t\t\t\t<div class=\"elementor-element elementor-element-de84fdd elementor-widget elementor-widget-text-editor\" data-id=\"de84fdd\" data-element_type=\"widget\" data-e-type=\"widget\" data-widget_type=\"text-editor.default\">\n\t\t\t\t<div class=\"elementor-widget-container\">\n\t\t\t\t\t\t\t\t\tConform\u00e9ment au RGPD, le traitement de vos donn\u00e9es repose sur :\n\u2022\tL\u2019ex\u00e9cution de notre contrat (traitement des r\u00e9servations). \n\u2022\tVotre consentement (marketing et newsletters). \n\u2022\tLe respect d\u2019une obligation l\u00e9gale (facturation, fiscalit\u00e9). \n\t\t\t\t\t\t\t\t<\/div>\n\t\t\t\t<\/div>\n\t\t\t\t<div class=\"elementor-element elementor-element-bf757a5 elementor-widget elementor-widget-heading\" data-id=\"bf757a5\" data-element_type=\"widget\" data-e-type=\"widget\" data-widget_type=\"heading.default\">\n\t\t\t\t<div class=\"elementor-widget-container\">\n\t\t\t\t\t<h3 class=\"elementor-heading-title elementor-size-default\">4. Dur\u00e9e de conservation<\/h3>\t\t\t\t<\/div>\n\t\t\t\t<\/div>\n\t\t\t\t<div class=\"elementor-element elementor-element-cc5b0ce elementor-widget elementor-widget-text-editor\" data-id=\"cc5b0ce\" data-element_type=\"widget\" data-e-type=\"widget\" data-widget_type=\"text-editor.default\">\n\t\t\t\t<div class=\"elementor-widget-container\">\n\t\t\t\t\t\t\t\t\t<p>\u2022\u00a0 Les donn\u00e9es li\u00e9es aux r\u00e9servations sont conserv\u00e9es jusqu\u2019\u00e0 la fin de l\u2019obligation l\u00e9gale et fiscale, soit g\u00e9n\u00e9ralement 5 ans.<br \/>\u2022\u00a0 Les donn\u00e9es li\u00e9es aux newsletters ou promotions sont conserv\u00e9es jusqu\u2019\u00e0 votre d\u00e9sinscription.<\/p>\t\t\t\t\t\t\t\t<\/div>\n\t\t\t\t<\/div>\n\t\t\t\t<div class=\"elementor-element elementor-element-7035faa elementor-widget elementor-widget-heading\" data-id=\"7035faa\" data-element_type=\"widget\" data-e-type=\"widget\" data-widget_type=\"heading.default\">\n\t\t\t\t<div class=\"elementor-widget-container\">\n\t\t\t\t\t<h3 class=\"elementor-heading-title elementor-size-default\">5. Vos droits<\/h3>\t\t\t\t<\/div>\n\t\t\t\t<\/div>\n\t\t\t\t<div class=\"elementor-element elementor-element-677eb71 elementor-widget elementor-widget-text-editor\" data-id=\"677eb71\" data-element_type=\"widget\" data-e-type=\"widget\" data-widget_type=\"text-editor.default\">\n\t\t\t\t<div class=\"elementor-widget-container\">\n\t\t\t\t\t\t\t\t\tVous disposez des droits suivants sur vos donn\u00e9es personnelles :\n\u2022\tAcc\u00e9der \u00e0 vos donn\u00e9es. \n\u2022\tDemander leur rectification ou suppression. \n\u2022\tLimiter le traitement de vos donn\u00e9es. \n\u2022\tRetirer votre consentement \u00e0 tout moment (pour les newsletters et promotions). \n\u2022\tVous opposer au traitement de vos donn\u00e9es \u00e0 des fins marketing. \nPour exercer vos droits, vous pouvez nous contacter \u00e0 :\nHotel de la Fossette\nEmail : administration@hotelfossettelavandou.com\nT\u00e9l\u00e9phone : +33 (0)4 94 20 30 40\nVous pouvez \u00e9galement adresser une r\u00e9clamation \u00e0 la CNIL (Commission Nationale de l\u2019Informatique et des Libert\u00e9s) si n\u00e9cessaire : https:\/\/www.cnil.fr\n\t\t\t\t\t\t\t\t<\/div>\n\t\t\t\t<\/div>\n\t\t\t\t<div class=\"elementor-element elementor-element-b3f4c17 elementor-widget elementor-widget-heading\" data-id=\"b3f4c17\" data-element_type=\"widget\" data-e-type=\"widget\" data-widget_type=\"heading.default\">\n\t\t\t\t<div class=\"elementor-widget-container\">\n\t\t\t\t\t<h3 class=\"elementor-heading-title elementor-size-default\">6. S\u00e9curit\u00e9 des donn\u00e9es<\/h3>\t\t\t\t<\/div>\n\t\t\t\t<\/div>\n\t\t\t\t<div class=\"elementor-element elementor-element-02abce1 elementor-widget elementor-widget-text-editor\" data-id=\"02abce1\" data-element_type=\"widget\" data-e-type=\"widget\" data-widget_type=\"text-editor.default\">\n\t\t\t\t<div class=\"elementor-widget-container\">\n\t\t\t\t\t\t\t\t\tNous mettons en place des mesures techniques et organisationnelles pour prot\u00e9ger vos donn\u00e9es personnelles contre toute perte, alt\u00e9ration ou acc\u00e8s non autoris\u00e9.\t\t\t\t\t\t\t\t<\/div>\n\t\t\t\t<\/div>\n\t\t\t\t<div class=\"elementor-element elementor-element-d7e14d2 elementor-widget elementor-widget-heading\" data-id=\"d7e14d2\" data-element_type=\"widget\" data-e-type=\"widget\" data-widget_type=\"heading.default\">\n\t\t\t\t<div class=\"elementor-widget-container\">\n\t\t\t\t\t<h3 class=\"elementor-heading-title elementor-size-default\">7. Modifications de la politique de confidentialit\u00e9<\/h3>\t\t\t\t<\/div>\n\t\t\t\t<\/div>\n\t\t\t\t<div class=\"elementor-element elementor-element-3d0b415 elementor-widget elementor-widget-text-editor\" data-id=\"3d0b415\" data-element_type=\"widget\" data-e-type=\"widget\" data-widget_type=\"text-editor.default\">\n\t\t\t\t<div class=\"elementor-widget-container\">\n\t\t\t\t\t\t\t\t\tNous pouvons mettre \u00e0 jour cette politique de confidentialit\u00e9 afin de rester conformes aux lois ou d\u2019am\u00e9liorer nos services. La date de la derni\u00e8re mise \u00e0 jour sera indiqu\u00e9e en haut de la page.\n\n\t\t\t\t\t\t\t\t<\/div>\n\t\t\t\t<\/div>\n\t\t\t\t\t<\/div>\n\t\t\t\t<\/div>\n\t\t\t\t<\/div>","protected":false},"excerpt":{"rendered":"<p>Politique de Confidentialit\u00e9 1. Collecte des informations Lors de votre visite sur le site hotelfossettelavandou.com nous pouvons collecter certaines informations vous concernant, notamment : \u2022 Nom, pr\u00e9nom, adresse e-mail et num\u00e9ro de t\u00e9l\u00e9phone (lors de r\u00e9servation ou demande d\u2019information). \u2022 Informations de paiement (s\u00e9curis\u00e9es et utilis\u00e9es uniquement pour traiter votre r\u00e9servation). \u2022 Donn\u00e9es de navigation &#8230;<\/p>","protected":false},"author":1,"featured_media":0,"parent":0,"menu_order":0,"comment_status":"closed","ping_status":"closed","template":"template-wide-content.php","meta":{"_acf_changed":false,"cozystay_single_page_hide_site_header":"","cozystay_single_page_site_header_source":"","cozystay_single_page_custom_site_header":"0","cozystay_single_page_custom_sticky_site_header":"0","cozystay_single_page_hide_page_title":"on","cozystay_single_page_header_section_size":"","cozystay_single_page_header_background_color":"","cozystay_single_page_header_background_position_x":"center","cozystay_single_page_header_background_position_y":"center","cozystay_single_page_header_background_size":"cover","cozystay_single_page_header_background_repeat":"off","cozystay_single_page_header_background_scroll":"on","cozystay_single_page_header_text_color":"","cozystay_single_page_header_show_breadcrumb":"","cozystay_single_page_site_footer_hide_main":"","cozystay_single_custom_site_footer_main_source":"","cozystay_single_custom_site_footer_main":"0","cozystay_single_page_site_footer_hide_above":"","cozystay_single_custom_site_footer_above_source":"","cozystay_single_custom_site_footer_above":"0","cozystay_single_page_site_footer_hide_instagram":"","cozystay_single_page_site_footer_hide_bottom":"","cozystay_single_custom_mobile_menu_source":"","cozystay_single_custom_mobile_menu":"0","cozystay_single_custom_mobile_menu_animation":"","cozystay_single_custom_mobile_menu_width":"","cozystay_single_custom_mobile_menu_custom_width":375,"footnotes":""},"class_list":["post-3157","page","type-page","status-publish","hentry"],"acf":[],"yoast_head":"<!-- This site is optimized with the Yoast SEO plugin v23.0 - https:\/\/yoast.com\/wordpress\/plugins\/seo\/ -->\n<title>Politique de Confidentialit\u00e9 - Hotel Fossette Lavandou<\/title>\n<meta name=\"robots\" content=\"index, follow, max-snippet:-1, max-image-preview:large, max-video-preview:-1\" \/>\n<link rel=\"canonical\" href=\"https:\/\/hotelfossettelavandou.com\/en\/politique-de-confidentialite\/\" \/>\n<meta property=\"og:locale\" content=\"en_GB\" \/>\n<meta property=\"og:type\" content=\"article\" \/>\n<meta property=\"og:title\" content=\"Politique de Confidentialit\u00e9 - Hotel Fossette Lavandou\" \/>\n<meta property=\"og:description\" content=\"Politique de Confidentialit\u00e9 1. Collecte des informations Lors de votre visite sur le site hotelfossettelavandou.com nous pouvons collecter certaines informations vous concernant, notamment : \u2022 Nom, pr\u00e9nom, adresse e-mail et num\u00e9ro de t\u00e9l\u00e9phone (lors de r\u00e9servation ou demande d\u2019information). \u2022 Informations de paiement (s\u00e9curis\u00e9es et utilis\u00e9es uniquement pour traiter votre r\u00e9servation). \u2022 Donn\u00e9es de navigation ...\" \/>\n<meta property=\"og:url\" content=\"https:\/\/hotelfossettelavandou.com\/en\/politique-de-confidentialite\/\" \/>\n<meta property=\"og:site_name\" content=\"Hotel Fossette Lavandou\" \/>\n<meta property=\"article:modified_time\" content=\"2026-04-07T14:02:31+00:00\" \/>\n<meta name=\"twitter:card\" content=\"summary_large_image\" \/>\n<meta name=\"twitter:label1\" content=\"Estimated reading time\" \/>\n\t<meta name=\"twitter:data1\" content=\"2 minutes\" \/>\n<script type=\"application\/ld+json\" class=\"yoast-schema-graph\">{\"@context\":\"https:\/\/schema.org\",\"@graph\":[{\"@type\":\"WebPage\",\"@id\":\"https:\/\/hotelfossettelavandou.com\/politique-de-confidentialite\/\",\"url\":\"https:\/\/hotelfossettelavandou.com\/politique-de-confidentialite\/\",\"name\":\"Politique de Confidentialit\u00e9 - Hotel Fossette Lavandou\",\"isPartOf\":{\"@id\":\"https:\/\/hotelfossettelavandou.com\/#website\"},\"datePublished\":\"2023-10-10T11:14:07+00:00\",\"dateModified\":\"2026-04-07T14:02:31+00:00\",\"breadcrumb\":{\"@id\":\"https:\/\/hotelfossettelavandou.com\/politique-de-confidentialite\/#breadcrumb\"},\"inLanguage\":\"en-GB\",\"potentialAction\":[{\"@type\":\"ReadAction\",\"target\":[\"https:\/\/hotelfossettelavandou.com\/politique-de-confidentialite\/\"]}]},{\"@type\":\"BreadcrumbList\",\"@id\":\"https:\/\/hotelfossettelavandou.com\/politique-de-confidentialite\/#breadcrumb\",\"itemListElement\":[{\"@type\":\"ListItem\",\"position\":1,\"name\":\"Home\",\"item\":\"https:\/\/hotelfossettelavandou.com\/\"},{\"@type\":\"ListItem\",\"position\":2,\"name\":\"Politique de Confidentialit\u00e9\"}]},{\"@type\":\"WebSite\",\"@id\":\"https:\/\/hotelfossettelavandou.com\/#website\",\"url\":\"https:\/\/hotelfossettelavandou.com\/\",\"name\":\"Hotel Fossette Lavandou\",\"description\":\"Hotel Fossette Lavandou\",\"publisher\":{\"@id\":\"https:\/\/hotelfossettelavandou.com\/#organization\"},\"potentialAction\":[{\"@type\":\"SearchAction\",\"target\":{\"@type\":\"EntryPoint\",\"urlTemplate\":\"https:\/\/hotelfossettelavandou.com\/?s={search_term_string}\"},\"query-input\":\"required name=search_term_string\"}],\"inLanguage\":\"en-GB\"},{\"@type\":\"Organization\",\"@id\":\"https:\/\/hotelfossettelavandou.com\/#organization\",\"name\":\"Hotel Fossette Lavandou\",\"url\":\"https:\/\/hotelfossettelavandou.com\/\",\"logo\":{\"@type\":\"ImageObject\",\"inLanguage\":\"en-GB\",\"@id\":\"https:\/\/hotelfossettelavandou.com\/#\/schema\/logo\/image\/\",\"url\":\"https:\/\/hotelfossettelavandou.com\/wp-content\/uploads\/2023\/03\/logo-HF-RVB-HD6.jpg.png\",\"contentUrl\":\"https:\/\/hotelfossettelavandou.com\/wp-content\/uploads\/2023\/03\/logo-HF-RVB-HD6.jpg.png\",\"width\":1181,\"height\":694,\"caption\":\"Hotel Fossette Lavandou\"},\"image\":{\"@id\":\"https:\/\/hotelfossettelavandou.com\/#\/schema\/logo\/image\/\"}}]}<\/script>\n<!-- \/ Yoast SEO plugin. -->","yoast_head_json":{"title":"Politique de Confidentialit\u00e9 - Hotel Fossette Lavandou","robots":{"index":"index","follow":"follow","max-snippet":"max-snippet:-1","max-image-preview":"max-image-preview:large","max-video-preview":"max-video-preview:-1"},"canonical":"https:\/\/hotelfossettelavandou.com\/en\/politique-de-confidentialite\/","og_locale":"en_GB","og_type":"article","og_title":"Politique de Confidentialit\u00e9 - Hotel Fossette Lavandou","og_description":"Politique de Confidentialit\u00e9 1. Collecte des informations Lors de votre visite sur le site hotelfossettelavandou.com nous pouvons collecter certaines informations vous concernant, notamment : \u2022 Nom, pr\u00e9nom, adresse e-mail et num\u00e9ro de t\u00e9l\u00e9phone (lors de r\u00e9servation ou demande d\u2019information). \u2022 Informations de paiement (s\u00e9curis\u00e9es et utilis\u00e9es uniquement pour traiter votre r\u00e9servation). \u2022 Donn\u00e9es de navigation ...","og_url":"https:\/\/hotelfossettelavandou.com\/en\/politique-de-confidentialite\/","og_site_name":"Hotel Fossette Lavandou","article_modified_time":"2026-04-07T14:02:31+00:00","twitter_card":"summary_large_image","twitter_misc":{"Estimated reading time":"2 minutes"},"schema":{"@context":"https:\/\/schema.org","@graph":[{"@type":"WebPage","@id":"https:\/\/hotelfossettelavandou.com\/politique-de-confidentialite\/","url":"https:\/\/hotelfossettelavandou.com\/politique-de-confidentialite\/","name":"Politique de Confidentialit\u00e9 - Hotel Fossette Lavandou","isPartOf":{"@id":"https:\/\/hotelfossettelavandou.com\/#website"},"datePublished":"2023-10-10T11:14:07+00:00","dateModified":"2026-04-07T14:02:31+00:00","breadcrumb":{"@id":"https:\/\/hotelfossettelavandou.com\/politique-de-confidentialite\/#breadcrumb"},"inLanguage":"en-GB","potentialAction":[{"@type":"ReadAction","target":["https:\/\/hotelfossettelavandou.com\/politique-de-confidentialite\/"]}]},{"@type":"BreadcrumbList","@id":"https:\/\/hotelfossettelavandou.com\/politique-de-confidentialite\/#breadcrumb","itemListElement":[{"@type":"ListItem","position":1,"name":"Home","item":"https:\/\/hotelfossettelavandou.com\/"},{"@type":"ListItem","position":2,"name":"Politique de Confidentialit\u00e9"}]},{"@type":"WebSite","@id":"https:\/\/hotelfossettelavandou.com\/#website","url":"https:\/\/hotelfossettelavandou.com\/","name":"Hotel Fossette Lavandou","description":"Hotel Fossette Lavandou","publisher":{"@id":"https:\/\/hotelfossettelavandou.com\/#organization"},"potentialAction":[{"@type":"SearchAction","target":{"@type":"EntryPoint","urlTemplate":"https:\/\/hotelfossettelavandou.com\/?s={search_term_string}"},"query-input":"required name=search_term_string"}],"inLanguage":"en-GB"},{"@type":"Organization","@id":"https:\/\/hotelfossettelavandou.com\/#organization","name":"Hotel Fossette Lavandou","url":"https:\/\/hotelfossettelavandou.com\/","logo":{"@type":"ImageObject","inLanguage":"en-GB","@id":"https:\/\/hotelfossettelavandou.com\/#\/schema\/logo\/image\/","url":"https:\/\/hotelfossettelavandou.com\/wp-content\/uploads\/2023\/03\/logo-HF-RVB-HD6.jpg.png","contentUrl":"https:\/\/hotelfossettelavandou.com\/wp-content\/uploads\/2023\/03\/logo-HF-RVB-HD6.jpg.png","width":1181,"height":694,"caption":"Hotel Fossette Lavandou"},"image":{"@id":"https:\/\/hotelfossettelavandou.com\/#\/schema\/logo\/image\/"}}]}},"_links":{"self":[{"href":"https:\/\/hotelfossettelavandou.com\/en\/wp-json\/wp\/v2\/pages\/3157","targetHints":{"allow":["GET"]}}],"collection":[{"href":"https:\/\/hotelfossettelavandou.com\/en\/wp-json\/wp\/v2\/pages"}],"about":[{"href":"https:\/\/hotelfossettelavandou.com\/en\/wp-json\/wp\/v2\/types\/page"}],"author":[{"embeddable":true,"href":"https:\/\/hotelfossettelavandou.com\/en\/wp-json\/wp\/v2\/users\/1"}],"replies":[{"embeddable":true,"href":"https:\/\/hotelfossettelavandou.com\/en\/wp-json\/wp\/v2\/comments?post=3157"}],"version-history":[{"count":59,"href":"https:\/\/hotelfossettelavandou.com\/en\/wp-json\/wp\/v2\/pages\/3157\/revisions"}],"predecessor-version":[{"id":5289,"href":"https:\/\/hotelfossettelavandou.com\/en\/wp-json\/wp\/v2\/pages\/3157\/revisions\/5289"}],"wp:attachment":[{"href":"https:\/\/hotelfossettelavandou.com\/en\/wp-json\/wp\/v2\/media?parent=3157"}],"curies":[{"name":"wp","href":"https:\/\/api.w.org\/{rel}","templated":true}]}}