{"id":3208,"date":"2023-10-11T08:27:15","date_gmt":"2023-10-11T07:27:15","guid":{"rendered":"https:\/\/hotelfossettelavandou.com\/?page_id=3208"},"modified":"2026-04-07T15:02:26","modified_gmt":"2026-04-07T14:02:26","slug":"conditions-generales-de-vente","status":"publish","type":"page","link":"https:\/\/hotelfossettelavandou.com\/en\/conditions-generales-de-vente\/","title":{"rendered":"CONDITIONS G\u00c9N\u00c9RALES DE VENTE"},"content":{"rendered":"<div data-elementor-type=\"wp-page\" data-elementor-id=\"3208\" class=\"elementor elementor-3208\" data-elementor-post-type=\"page\">\n\t\t\t\t\t\t<section class=\"elementor-section elementor-top-section elementor-element elementor-element-a2554e7 elementor-section-height-min-height cs-section-content-fullwidth cs-parallax-on-scroll cs_scroll_y_80 elementor-section-boxed elementor-section-height-default elementor-section-items-middle\" data-id=\"a2554e7\" data-element_type=\"section\" data-e-type=\"section\" data-settings=\"{&quot;background_background&quot;:&quot;classic&quot;}\" data-cs-parallax-y=\"80\" style=\"background-image: none;\" data-cs-background-image=\"https:\/\/hotelfossettelavandou.com\/wp-content\/uploads\/2026\/04\/WhatsApp-Image-2026-04-07-at-6.32.54-PM.jpeg\">\n\t\t\t\t\t\t\t<div class=\"elementor-background-overlay\"><\/div>\n\t\t\t\t\t\t\t<div class=\"elementor-container elementor-column-gap-no\">\n\t\t\t\t\t<div class=\"elementor-column elementor-col-100 elementor-top-column elementor-element elementor-element-4bf78b4 dark-color\" data-id=\"4bf78b4\" data-element_type=\"column\" data-e-type=\"column\">\n\t\t\t<div class=\"elementor-widget-wrap elementor-element-populated\">\n\t\t\t\t\t\t<div class=\"elementor-element elementor-element-023f89d elementor-widget elementor-widget-cs_title\" data-id=\"023f89d\" data-element_type=\"widget\" data-e-type=\"widget\" data-widget_type=\"cs_title.default\">\n\t\t\t\t<div class=\"elementor-widget-container\">\n\t\t\t\t\t\n        <div class=\"cs-title-wrap text-center\">\t            <h3 class=\"cs-title\">\n\t                CONDITIONS G\u00c9N\u00c9RALES DE VENTE\t            <\/h3>        <\/div>\t\t\t\t<\/div>\n\t\t\t\t<\/div>\n\t\t\t\t\t<\/div>\n\t\t<\/div>\n\t\t\t\t\t<\/div>\n\t\t<\/section>\n\t\t<div class=\"elementor-element elementor-element-d93ee65 e-flex e-con-boxed e-con e-parent\" data-id=\"d93ee65\" data-element_type=\"container\" data-e-type=\"container\">\n\t\t\t\t\t<div class=\"e-con-inner\">\n\t\t\t\t<div class=\"elementor-element elementor-element-4f88d0d elementor-widget elementor-widget-heading\" data-id=\"4f88d0d\" data-element_type=\"widget\" data-e-type=\"widget\" data-widget_type=\"heading.default\">\n\t\t\t\t<div class=\"elementor-widget-container\">\n\t\t\t\t\t<h2 class=\"elementor-heading-title elementor-size-default\">H\u00f4tel La Fossette \u2013 Le Lavandou<\/h2>\t\t\t\t<\/div>\n\t\t\t\t<\/div>\n\t\t\t\t<div class=\"elementor-element elementor-element-62ef3e5 elementor-widget elementor-widget-cs_title\" data-id=\"62ef3e5\" data-element_type=\"widget\" data-e-type=\"widget\" data-widget_type=\"cs_title.default\">\n\t\t\t\t<div class=\"elementor-widget-container\">\n\t\t\t\t\t\n        <div class=\"cs-title-wrap text-left\">\t            <h4 class=\"cs-title\">\n\t                1. Objet\t            <\/h4>\t            <div class=\"cs-title-text\">\n\t                Les pr\u00e9sentes Conditions G\u00e9n\u00e9rales de Vente (CGV) d\u00e9finissent les droits et obligations des parties dans le cadre de la r\u00e9servation de chambres et de services propos\u00e9s par l\u2019H\u00f4tel La Fossette, situ\u00e9 au Lavandou.\nToute r\u00e9servation implique l\u2019adh\u00e9sion sans r\u00e9serve aux pr\u00e9sentes CGV.\n\t            <\/div>        <\/div>\t\t\t\t<\/div>\n\t\t\t\t<\/div>\n\t\t\t\t<div class=\"elementor-element elementor-element-3d4e4b8 elementor-widget elementor-widget-cs_title\" data-id=\"3d4e4b8\" data-element_type=\"widget\" data-e-type=\"widget\" data-widget_type=\"cs_title.default\">\n\t\t\t\t<div class=\"elementor-widget-container\">\n\t\t\t\t\t\n        <div class=\"cs-title-wrap text-left\">\t            <h4 class=\"cs-title\">\n\t                2. R\u00e9servation\n\t            <\/h4>\t            <div class=\"cs-title-text\">\n\t                <p>Les r\u00e9servations peuvent \u00eatre effectu\u00e9es :<\/p><p><strong>en ligne via notre site internet ou des plateformes partenaires<\/strong><br \/><strong>par t\u00e9l\u00e9phone<\/strong><br \/><strong>par email<\/strong><\/p><p>La r\u00e9servation est consid\u00e9r\u00e9e comme ferme et d\u00e9finitive apr\u00e8s confirmation par l\u2019h\u00f4tel et,<br \/>le cas \u00e9ch\u00e9ant, apr\u00e8s r\u00e9ception d\u2019un acompte ou garantie par carte bancaire.<\/p>\t            <\/div>        <\/div>\t\t\t\t<\/div>\n\t\t\t\t<\/div>\n\t\t\t\t<div class=\"elementor-element elementor-element-3deedc6 elementor-widget elementor-widget-cs_title\" data-id=\"3deedc6\" data-element_type=\"widget\" data-e-type=\"widget\" data-widget_type=\"cs_title.default\">\n\t\t\t\t<div class=\"elementor-widget-container\">\n\t\t\t\t\t\n        <div class=\"cs-title-wrap text-left\">\t            <h4 class=\"cs-title\">\n\t                3. Tarifs\t            <\/h4>\t            <div class=\"cs-title-text\">\n\t                <p>Les prix sont indiqu\u00e9s en euros (\u20ac), toutes taxes comprises (TTC), hors taxe de s\u00e9jour.<br \/>Les tarifs peuvent varier selon la p\u00e9riode, la cat\u00e9gorie de chambre et les offres<br \/>disponibles.<br \/>L\u2019h\u00f4tel se r\u00e9serve le droit de modifier ses tarifs \u00e0 tout moment sans pr\u00e9avis. Toutefois, le<br \/>prix appliqu\u00e9 sera celui en vigueur au moment de la r\u00e9servation.<\/p>\t            <\/div>        <\/div>\t\t\t\t<\/div>\n\t\t\t\t<\/div>\n\t\t\t\t<div class=\"elementor-element elementor-element-40a9a68 elementor-widget elementor-widget-cs_title\" data-id=\"40a9a68\" data-element_type=\"widget\" data-e-type=\"widget\" data-widget_type=\"cs_title.default\">\n\t\t\t\t<div class=\"elementor-widget-container\">\n\t\t\t\t\t\n        <div class=\"cs-title-wrap text-left\">\t            <h4 class=\"cs-title\">\n\t                4. Modalit\u00e9s de paiement\n\t            <\/h4>\t            <div class=\"cs-title-text\">\n\t                <p>Les moyens de paiement accept\u00e9s sont :<\/p><p><strong>cartes bancaires (Visa, Mastercard, American Express)<\/strong><br \/><strong>esp\u00e8ces<\/strong><br \/><strong>virements bancaires (sur demande)<\/strong><br \/>Selon les conditions tarifaires, un acompte ou le paiement total pourra \u00eatre exig\u00e9 \u00e0 la<br \/>r\u00e9servation.<\/p>\t            <\/div>        <\/div>\t\t\t\t<\/div>\n\t\t\t\t<\/div>\n\t\t\t\t<div class=\"elementor-element elementor-element-1a6bdb7 elementor-widget elementor-widget-cs_title\" data-id=\"1a6bdb7\" data-element_type=\"widget\" data-e-type=\"widget\" data-widget_type=\"cs_title.default\">\n\t\t\t\t<div class=\"elementor-widget-container\">\n\t\t\t\t\t\n        <div class=\"cs-title-wrap text-left\">\t            <h4 class=\"cs-title\">\n\t                5. Conditions d\u2019annulation et de modification\n\t            <\/h4>\t            <div class=\"cs-title-text\">\n\t                <p><strong>Tarif flexible :<\/strong><br \/>\u00a0Annulation gratuite jusqu\u2019\u00e0 7 jours avant l\u2019arriv\u00e9e<br \/>Pass\u00e9 ce d\u00e9lai, la premi\u00e8re nuit sera factur\u00e9e<br \/><strong>Tarif non remboursable :<\/strong><br \/>100 % du s\u00e9jour est d\u00fb d\u00e8s la r\u00e9servation<br \/>Aucun remboursement ni modification possible<br \/>En cas de non-pr\u00e9sentation (no-show), la totalit\u00e9 du s\u00e9jour pourra \u00eatre factur\u00e9e.<\/p>\t            <\/div>        <\/div>\t\t\t\t<\/div>\n\t\t\t\t<\/div>\n\t\t\t\t<div class=\"elementor-element elementor-element-2b323bf elementor-widget elementor-widget-cs_title\" data-id=\"2b323bf\" data-element_type=\"widget\" data-e-type=\"widget\" data-widget_type=\"cs_title.default\">\n\t\t\t\t<div class=\"elementor-widget-container\">\n\t\t\t\t\t\n        <div class=\"cs-title-wrap text-left\">\t            <h4 class=\"cs-title\">\n\t                6. Arriv\u00e9e et d\u00e9part\n\t            <\/h4>\t            <div class=\"cs-title-text\">\n\t                <ul><li>Check-in : \u00e0 partir de 15h00<\/li><li>Check-out : avant 11h30<br \/>Toute arriv\u00e9e tardive doit \u00eatre signal\u00e9e \u00e0 l\u2019h\u00f4tel<\/li><\/ul>\t            <\/div>        <\/div>\t\t\t\t<\/div>\n\t\t\t\t<\/div>\n\t\t\t\t<div class=\"elementor-element elementor-element-884db8a elementor-widget elementor-widget-cs_title\" data-id=\"884db8a\" data-element_type=\"widget\" data-e-type=\"widget\" data-widget_type=\"cs_title.default\">\n\t\t\t\t<div class=\"elementor-widget-container\">\n\t\t\t\t\t\n        <div class=\"cs-title-wrap text-left\">\t            <h4 class=\"cs-title\">\n\t                7. Taxe de s\u00e9jour\n\t            <\/h4>\t            <div class=\"cs-title-text\">\n\t                <p>La taxe de s\u00e9jour n\u2019est pas incluse dans le prix de la chambre. Elle est \u00e0 r\u00e9gler sur place<br \/>selon le tarif en vigueur fix\u00e9 par la commune du Lavandou<\/p>\t            <\/div>        <\/div>\t\t\t\t<\/div>\n\t\t\t\t<\/div>\n\t\t\t\t<div class=\"elementor-element elementor-element-da6ba72 elementor-widget elementor-widget-cs_title\" data-id=\"da6ba72\" data-element_type=\"widget\" data-e-type=\"widget\" data-widget_type=\"cs_title.default\">\n\t\t\t\t<div class=\"elementor-widget-container\">\n\t\t\t\t\t\n        <div class=\"cs-title-wrap text-left\">\t            <h4 class=\"cs-title\">\n\t                8. Occupation des chambres\n\t            <\/h4>\t            <div class=\"cs-title-text\">\n\t                Le nombre de personnes par chambre est limit\u00e9 selon la cat\u00e9gorie r\u00e9serv\u00e9e.\nLes enfants sont les bienvenus selon les conditions pr\u00e9cis\u00e9es lors de la r\u00e9servation.\n\t            <\/div>        <\/div>\t\t\t\t<\/div>\n\t\t\t\t<\/div>\n\t\t\t\t<div class=\"elementor-element elementor-element-ede4cf4 elementor-widget elementor-widget-cs_title\" data-id=\"ede4cf4\" data-element_type=\"widget\" data-e-type=\"widget\" data-widget_type=\"cs_title.default\">\n\t\t\t\t<div class=\"elementor-widget-container\">\n\t\t\t\t\t\n        <div class=\"cs-title-wrap text-left\">\t            <h4 class=\"cs-title\">\n\t                9. Animaux\n\t            <\/h4>\t            <div class=\"cs-title-text\">\n\t                Les animaux sont accept\u00e9s sous r\u00e9serve d\u2019accord pr\u00e9alable de l\u2019h\u00f4tel et peuvent faire\nl\u2019objet d\u2019un suppl\u00e9ment.\t            <\/div>        <\/div>\t\t\t\t<\/div>\n\t\t\t\t<\/div>\n\t\t\t\t<div class=\"elementor-element elementor-element-1a0098f elementor-widget elementor-widget-cs_title\" data-id=\"1a0098f\" data-element_type=\"widget\" data-e-type=\"widget\" data-widget_type=\"cs_title.default\">\n\t\t\t\t<div class=\"elementor-widget-container\">\n\t\t\t\t\t\n        <div class=\"cs-title-wrap text-left\">\t            <h4 class=\"cs-title\">\n\t                10. Responsabilit\u00e9\n\t            <\/h4>\t            <div class=\"cs-title-text\">\n\t                L\u2019h\u00f4tel d\u00e9cline toute responsabilit\u00e9 en cas de perte, vol ou d\u00e9gradation des effets\npersonnels dans l\u2019enceinte de l\u2019\u00e9tablissement, sauf dispositions l\u00e9gales contraires.\t            <\/div>        <\/div>\t\t\t\t<\/div>\n\t\t\t\t<\/div>\n\t\t\t\t<div class=\"elementor-element elementor-element-4ac59eb elementor-widget elementor-widget-cs_title\" data-id=\"4ac59eb\" data-element_type=\"widget\" data-e-type=\"widget\" data-widget_type=\"cs_title.default\">\n\t\t\t\t<div class=\"elementor-widget-container\">\n\t\t\t\t\t\n        <div class=\"cs-title-wrap text-left\">\t            <h4 class=\"cs-title\">\n\t                11. R\u00e8glement int\u00e9rieur\t            <\/h4>\t            <div class=\"cs-title-text\">\n\t                Les clients s\u2019engagent \u00e0 respecter le r\u00e8glement int\u00e9rieur de l\u2019\u00e9tablissement.\nTout comportement contraire aux bonnes m\u0153urs ou \u00e0 l\u2019ordre public pourra entra\u00eener\nl\u2019exclusion sans remboursement.\t            <\/div>        <\/div>\t\t\t\t<\/div>\n\t\t\t\t<\/div>\n\t\t\t\t<div class=\"elementor-element elementor-element-631abfa elementor-widget elementor-widget-cs_title\" data-id=\"631abfa\" data-element_type=\"widget\" data-e-type=\"widget\" data-widget_type=\"cs_title.default\">\n\t\t\t\t<div class=\"elementor-widget-container\">\n\t\t\t\t\t\n        <div class=\"cs-title-wrap text-left\">\t            <h4 class=\"cs-title\">\n\t                12. Donn\u00e9es personnelles\n\t            <\/h4>\t            <div class=\"cs-title-text\">\n\t                Les informations collect\u00e9es lors de la r\u00e9servation sont utilis\u00e9es uniquement dans le cadre\nde la relation commerciale et sont trait\u00e9es conform\u00e9ment \u00e0 la r\u00e9glementation en vigueur\n(RGPD).\t            <\/div>        <\/div>\t\t\t\t<\/div>\n\t\t\t\t<\/div>\n\t\t\t\t<div class=\"elementor-element elementor-element-59bec66 elementor-widget elementor-widget-cs_title\" data-id=\"59bec66\" data-element_type=\"widget\" data-e-type=\"widget\" data-widget_type=\"cs_title.default\">\n\t\t\t\t<div class=\"elementor-widget-container\">\n\t\t\t\t\t\n        <div class=\"cs-title-wrap text-left\">\t            <h4 class=\"cs-title\">\n\t                13. Litiges\n\t            <\/h4>\t            <div class=\"cs-title-text\">\n\t                Les pr\u00e9sentes CGV sont soumises au droit fran\u00e7ais.\nEn cas de litige, une solution amiable sera recherch\u00e9e en priorit\u00e9.\n\u00c0 d\u00e9faut, le client peut recourir \u00e0 un m\u00e9diateur de la consommation ou saisir les\njuridictions comp\u00e9tentes.\t            <\/div>        <\/div>\t\t\t\t<\/div>\n\t\t\t\t<\/div>\n\t\t\t\t<div class=\"elementor-element elementor-element-3885591 elementor-widget elementor-widget-cs_title\" data-id=\"3885591\" data-element_type=\"widget\" data-e-type=\"widget\" data-widget_type=\"cs_title.default\">\n\t\t\t\t<div class=\"elementor-widget-container\">\n\t\t\t\t\t\n        <div class=\"cs-title-wrap text-left\">\t            <h4 class=\"cs-title\">\n\t                14. Force majeure\n\t            <\/h4>\t            <div class=\"cs-title-text\">\n\t                L\u2019h\u00f4tel ne pourra \u00eatre tenu responsable en cas d\u2019inex\u00e9cution de ses obligations en cas de\nforce majeure (catastrophes naturelles, pand\u00e9mie, gr\u00e8ve, etc.).\n\t            <\/div>        <\/div>\t\t\t\t<\/div>\n\t\t\t\t<\/div>\n\t\t\t\t<div class=\"elementor-element elementor-element-9c30304 elementor-widget elementor-widget-cs_title\" data-id=\"9c30304\" data-element_type=\"widget\" data-e-type=\"widget\" data-widget_type=\"cs_title.default\">\n\t\t\t\t<div class=\"elementor-widget-container\">\n\t\t\t\t\t\n        <div class=\"cs-title-wrap text-left\">\t            <h4 class=\"cs-title\">\n\t                H\u00f4tel La Fossette \u2013 Le Lavandou\n\t            <\/h4>\t            <div class=\"cs-title-text\">\n\t                Nous vous remercions de votre confiance et vous souhaitons un agr\u00e9able s\u00e9jour.\t            <\/div>        <\/div>\t\t\t\t<\/div>\n\t\t\t\t<\/div>\n\t\t\t\t\t<\/div>\n\t\t\t\t<\/div>\n\t\t\t\t<\/div>","protected":false},"excerpt":{"rendered":"<p>CONDITIONS G\u00c9N\u00c9RALES DE VENTE H\u00f4tel La Fossette \u2013 Le Lavandou 1. Objet Les pr\u00e9sentes Conditions G\u00e9n\u00e9rales de Vente (CGV) d\u00e9finissent les droits et obligations des parties dans le cadre de la r\u00e9servation de chambres et de services propos\u00e9s par l\u2019H\u00f4tel La Fossette, situ\u00e9 au Lavandou. Toute r\u00e9servation implique l\u2019adh\u00e9sion sans r\u00e9serve aux pr\u00e9sentes CGV. 2. &#8230;<\/p>","protected":false},"author":1,"featured_media":0,"parent":0,"menu_order":0,"comment_status":"closed","ping_status":"closed","template":"template-wide-content.php","meta":{"_acf_changed":false,"cozystay_single_page_hide_site_header":"","cozystay_single_page_site_header_source":"","cozystay_single_page_custom_site_header":"0","cozystay_single_page_custom_sticky_site_header":"0","cozystay_single_page_hide_page_title":"on","cozystay_single_page_header_section_size":"","cozystay_single_page_header_background_color":"","cozystay_single_page_header_background_position_x":"center","cozystay_single_page_header_background_position_y":"center","cozystay_single_page_header_background_size":"cover","cozystay_single_page_header_background_repeat":"off","cozystay_single_page_header_background_scroll":"on","cozystay_single_page_header_text_color":"","cozystay_single_page_header_show_breadcrumb":"","cozystay_single_page_site_footer_hide_main":"","cozystay_single_custom_site_footer_main_source":"","cozystay_single_custom_site_footer_main":"0","cozystay_single_page_site_footer_hide_above":"","cozystay_single_custom_site_footer_above_source":"","cozystay_single_custom_site_footer_above":"0","cozystay_single_page_site_footer_hide_instagram":"","cozystay_single_page_site_footer_hide_bottom":"","cozystay_single_custom_mobile_menu_source":"","cozystay_single_custom_mobile_menu":"0","cozystay_single_custom_mobile_menu_animation":"","cozystay_single_custom_mobile_menu_width":"","cozystay_single_custom_mobile_menu_custom_width":375,"footnotes":""},"class_list":["post-3208","page","type-page","status-publish","hentry"],"acf":[],"yoast_head":"<!-- This site is optimized with the Yoast SEO plugin v23.0 - https:\/\/yoast.com\/wordpress\/plugins\/seo\/ -->\n<title>CONDITIONS G\u00c9N\u00c9RALES DE VENTE - Hotel Fossette Lavandou<\/title>\n<meta name=\"robots\" content=\"index, follow, max-snippet:-1, max-image-preview:large, max-video-preview:-1\" \/>\n<link rel=\"canonical\" href=\"https:\/\/hotelfossettelavandou.com\/en\/conditions-generales-de-vente\/\" \/>\n<meta property=\"og:locale\" content=\"en_GB\" \/>\n<meta property=\"og:type\" content=\"article\" \/>\n<meta property=\"og:title\" content=\"CONDITIONS G\u00c9N\u00c9RALES DE VENTE - Hotel Fossette Lavandou\" \/>\n<meta property=\"og:description\" content=\"CONDITIONS G\u00c9N\u00c9RALES DE VENTE H\u00f4tel La Fossette \u2013 Le Lavandou 1. Objet Les pr\u00e9sentes Conditions G\u00e9n\u00e9rales de Vente (CGV) d\u00e9finissent les droits et obligations des parties dans le cadre de la r\u00e9servation de chambres et de services propos\u00e9s par l\u2019H\u00f4tel La Fossette, situ\u00e9 au Lavandou. Toute r\u00e9servation implique l\u2019adh\u00e9sion sans r\u00e9serve aux pr\u00e9sentes CGV. 2. ...\" \/>\n<meta property=\"og:url\" content=\"https:\/\/hotelfossettelavandou.com\/en\/conditions-generales-de-vente\/\" \/>\n<meta property=\"og:site_name\" content=\"Hotel Fossette Lavandou\" \/>\n<meta property=\"article:modified_time\" content=\"2026-04-07T14:02:26+00:00\" \/>\n<meta name=\"twitter:card\" content=\"summary_large_image\" \/>\n<meta name=\"twitter:label1\" content=\"Estimated reading time\" \/>\n\t<meta name=\"twitter:data1\" content=\"3 minutes\" \/>\n<script type=\"application\/ld+json\" class=\"yoast-schema-graph\">{\"@context\":\"https:\/\/schema.org\",\"@graph\":[{\"@type\":\"WebPage\",\"@id\":\"https:\/\/hotelfossettelavandou.com\/conditions-generales-de-vente\/\",\"url\":\"https:\/\/hotelfossettelavandou.com\/conditions-generales-de-vente\/\",\"name\":\"CONDITIONS G\u00c9N\u00c9RALES DE VENTE - Hotel Fossette Lavandou\",\"isPartOf\":{\"@id\":\"https:\/\/hotelfossettelavandou.com\/#website\"},\"datePublished\":\"2023-10-11T07:27:15+00:00\",\"dateModified\":\"2026-04-07T14:02:26+00:00\",\"breadcrumb\":{\"@id\":\"https:\/\/hotelfossettelavandou.com\/conditions-generales-de-vente\/#breadcrumb\"},\"inLanguage\":\"en-GB\",\"potentialAction\":[{\"@type\":\"ReadAction\",\"target\":[\"https:\/\/hotelfossettelavandou.com\/conditions-generales-de-vente\/\"]}]},{\"@type\":\"BreadcrumbList\",\"@id\":\"https:\/\/hotelfossettelavandou.com\/conditions-generales-de-vente\/#breadcrumb\",\"itemListElement\":[{\"@type\":\"ListItem\",\"position\":1,\"name\":\"Home\",\"item\":\"https:\/\/hotelfossettelavandou.com\/\"},{\"@type\":\"ListItem\",\"position\":2,\"name\":\"CONDITIONS G\u00c9N\u00c9RALES DE VENTE\"}]},{\"@type\":\"WebSite\",\"@id\":\"https:\/\/hotelfossettelavandou.com\/#website\",\"url\":\"https:\/\/hotelfossettelavandou.com\/\",\"name\":\"Hotel Fossette Lavandou\",\"description\":\"Hotel Fossette Lavandou\",\"publisher\":{\"@id\":\"https:\/\/hotelfossettelavandou.com\/#organization\"},\"potentialAction\":[{\"@type\":\"SearchAction\",\"target\":{\"@type\":\"EntryPoint\",\"urlTemplate\":\"https:\/\/hotelfossettelavandou.com\/?s={search_term_string}\"},\"query-input\":\"required name=search_term_string\"}],\"inLanguage\":\"en-GB\"},{\"@type\":\"Organization\",\"@id\":\"https:\/\/hotelfossettelavandou.com\/#organization\",\"name\":\"Hotel Fossette Lavandou\",\"url\":\"https:\/\/hotelfossettelavandou.com\/\",\"logo\":{\"@type\":\"ImageObject\",\"inLanguage\":\"en-GB\",\"@id\":\"https:\/\/hotelfossettelavandou.com\/#\/schema\/logo\/image\/\",\"url\":\"https:\/\/hotelfossettelavandou.com\/wp-content\/uploads\/2023\/03\/logo-HF-RVB-HD6.jpg.png\",\"contentUrl\":\"https:\/\/hotelfossettelavandou.com\/wp-content\/uploads\/2023\/03\/logo-HF-RVB-HD6.jpg.png\",\"width\":1181,\"height\":694,\"caption\":\"Hotel Fossette Lavandou\"},\"image\":{\"@id\":\"https:\/\/hotelfossettelavandou.com\/#\/schema\/logo\/image\/\"}}]}<\/script>\n<!-- \/ Yoast SEO plugin. -->","yoast_head_json":{"title":"CONDITIONS G\u00c9N\u00c9RALES DE VENTE - Hotel Fossette Lavandou","robots":{"index":"index","follow":"follow","max-snippet":"max-snippet:-1","max-image-preview":"max-image-preview:large","max-video-preview":"max-video-preview:-1"},"canonical":"https:\/\/hotelfossettelavandou.com\/en\/conditions-generales-de-vente\/","og_locale":"en_GB","og_type":"article","og_title":"CONDITIONS G\u00c9N\u00c9RALES DE VENTE - Hotel Fossette Lavandou","og_description":"CONDITIONS G\u00c9N\u00c9RALES DE VENTE H\u00f4tel La Fossette \u2013 Le Lavandou 1. Objet Les pr\u00e9sentes Conditions G\u00e9n\u00e9rales de Vente (CGV) d\u00e9finissent les droits et obligations des parties dans le cadre de la r\u00e9servation de chambres et de services propos\u00e9s par l\u2019H\u00f4tel La Fossette, situ\u00e9 au Lavandou. Toute r\u00e9servation implique l\u2019adh\u00e9sion sans r\u00e9serve aux pr\u00e9sentes CGV. 2. ...","og_url":"https:\/\/hotelfossettelavandou.com\/en\/conditions-generales-de-vente\/","og_site_name":"Hotel Fossette Lavandou","article_modified_time":"2026-04-07T14:02:26+00:00","twitter_card":"summary_large_image","twitter_misc":{"Estimated reading time":"3 minutes"},"schema":{"@context":"https:\/\/schema.org","@graph":[{"@type":"WebPage","@id":"https:\/\/hotelfossettelavandou.com\/conditions-generales-de-vente\/","url":"https:\/\/hotelfossettelavandou.com\/conditions-generales-de-vente\/","name":"CONDITIONS G\u00c9N\u00c9RALES DE VENTE - Hotel Fossette Lavandou","isPartOf":{"@id":"https:\/\/hotelfossettelavandou.com\/#website"},"datePublished":"2023-10-11T07:27:15+00:00","dateModified":"2026-04-07T14:02:26+00:00","breadcrumb":{"@id":"https:\/\/hotelfossettelavandou.com\/conditions-generales-de-vente\/#breadcrumb"},"inLanguage":"en-GB","potentialAction":[{"@type":"ReadAction","target":["https:\/\/hotelfossettelavandou.com\/conditions-generales-de-vente\/"]}]},{"@type":"BreadcrumbList","@id":"https:\/\/hotelfossettelavandou.com\/conditions-generales-de-vente\/#breadcrumb","itemListElement":[{"@type":"ListItem","position":1,"name":"Home","item":"https:\/\/hotelfossettelavandou.com\/"},{"@type":"ListItem","position":2,"name":"CONDITIONS G\u00c9N\u00c9RALES DE VENTE"}]},{"@type":"WebSite","@id":"https:\/\/hotelfossettelavandou.com\/#website","url":"https:\/\/hotelfossettelavandou.com\/","name":"Hotel Fossette Lavandou","description":"Hotel Fossette Lavandou","publisher":{"@id":"https:\/\/hotelfossettelavandou.com\/#organization"},"potentialAction":[{"@type":"SearchAction","target":{"@type":"EntryPoint","urlTemplate":"https:\/\/hotelfossettelavandou.com\/?s={search_term_string}"},"query-input":"required name=search_term_string"}],"inLanguage":"en-GB"},{"@type":"Organization","@id":"https:\/\/hotelfossettelavandou.com\/#organization","name":"Hotel Fossette Lavandou","url":"https:\/\/hotelfossettelavandou.com\/","logo":{"@type":"ImageObject","inLanguage":"en-GB","@id":"https:\/\/hotelfossettelavandou.com\/#\/schema\/logo\/image\/","url":"https:\/\/hotelfossettelavandou.com\/wp-content\/uploads\/2023\/03\/logo-HF-RVB-HD6.jpg.png","contentUrl":"https:\/\/hotelfossettelavandou.com\/wp-content\/uploads\/2023\/03\/logo-HF-RVB-HD6.jpg.png","width":1181,"height":694,"caption":"Hotel Fossette Lavandou"},"image":{"@id":"https:\/\/hotelfossettelavandou.com\/#\/schema\/logo\/image\/"}}]}},"_links":{"self":[{"href":"https:\/\/hotelfossettelavandou.com\/en\/wp-json\/wp\/v2\/pages\/3208","targetHints":{"allow":["GET"]}}],"collection":[{"href":"https:\/\/hotelfossettelavandou.com\/en\/wp-json\/wp\/v2\/pages"}],"about":[{"href":"https:\/\/hotelfossettelavandou.com\/en\/wp-json\/wp\/v2\/types\/page"}],"author":[{"embeddable":true,"href":"https:\/\/hotelfossettelavandou.com\/en\/wp-json\/wp\/v2\/users\/1"}],"replies":[{"embeddable":true,"href":"https:\/\/hotelfossettelavandou.com\/en\/wp-json\/wp\/v2\/comments?post=3208"}],"version-history":[{"count":48,"href":"https:\/\/hotelfossettelavandou.com\/en\/wp-json\/wp\/v2\/pages\/3208\/revisions"}],"predecessor-version":[{"id":5286,"href":"https:\/\/hotelfossettelavandou.com\/en\/wp-json\/wp\/v2\/pages\/3208\/revisions\/5286"}],"wp:attachment":[{"href":"https:\/\/hotelfossettelavandou.com\/en\/wp-json\/wp\/v2\/media?parent=3208"}],"curies":[{"name":"wp","href":"https:\/\/api.w.org\/{rel}","templated":true}]}}