{"id":4457,"date":"2026-04-03T18:02:52","date_gmt":"2026-04-03T17:02:52","guid":{"rendered":"https:\/\/hotelfossettelavandou.com\/?page_id=4457"},"modified":"2026-04-03T18:10:26","modified_gmt":"2026-04-03T17:10:26","slug":"politique-de-cookies","status":"publish","type":"page","link":"https:\/\/hotelfossettelavandou.com\/en\/politique-de-cookies\/","title":{"rendered":"POLITIQUE DE COOKIES"},"content":{"rendered":"<div data-elementor-type=\"wp-page\" data-elementor-id=\"4457\" class=\"elementor elementor-4457\" data-elementor-post-type=\"page\">\n\t\t\t\t\t\t<section class=\"elementor-section elementor-top-section elementor-element elementor-element-a0d182e elementor-section-height-min-height cs-section-content-fullwidth cs-parallax-on-scroll cs_scroll_y_80 elementor-section-boxed elementor-section-height-default elementor-section-items-middle\" data-id=\"a0d182e\" data-element_type=\"section\" data-e-type=\"section\" data-settings=\"{&quot;background_background&quot;:&quot;classic&quot;}\" data-cs-parallax-y=\"80\" style=\"background-image: none;\" data-cs-background-image=\"https:\/\/hotelfossettelavandou.com\/wp-content\/uploads\/2026\/04\/le-lavandou-hotel-de-la-fossette-photo-60.jpg\">\n\t\t\t\t\t\t\t<div class=\"elementor-background-overlay\"><\/div>\n\t\t\t\t\t\t\t<div class=\"elementor-container elementor-column-gap-no\">\n\t\t\t\t\t<div class=\"elementor-column elementor-col-100 elementor-top-column elementor-element elementor-element-fbbe0b9 dark-color\" data-id=\"fbbe0b9\" data-element_type=\"column\" data-e-type=\"column\">\n\t\t\t<div class=\"elementor-widget-wrap elementor-element-populated\">\n\t\t\t\t\t\t<div class=\"elementor-element elementor-element-8d64066 elementor-widget elementor-widget-cs_title\" data-id=\"8d64066\" data-element_type=\"widget\" data-e-type=\"widget\" data-widget_type=\"cs_title.default\">\n\t\t\t\t<div class=\"elementor-widget-container\">\n\t\t\t\t\t\n        <div class=\"cs-title-wrap text-center\">\t            <h3 class=\"cs-title\">\n\t                Politique De Cookies\t            <\/h3>        <\/div>\t\t\t\t<\/div>\n\t\t\t\t<\/div>\n\t\t\t\t\t<\/div>\n\t\t<\/div>\n\t\t\t\t\t<\/div>\n\t\t<\/section>\n\t\t<div class=\"elementor-element elementor-element-db9340d e-flex e-con-boxed e-con e-parent\" data-id=\"db9340d\" data-element_type=\"container\" data-e-type=\"container\">\n\t\t\t\t\t<div class=\"e-con-inner\">\n\t\t\t\t<div class=\"elementor-element elementor-element-79cb904 elementor-widget elementor-widget-cs_title\" data-id=\"79cb904\" data-element_type=\"widget\" data-e-type=\"widget\" data-widget_type=\"cs_title.default\">\n\t\t\t\t<div class=\"elementor-widget-container\">\n\t\t\t\t\t\n        <div class=\"cs-title-wrap text-left\">\t            <h4 class=\"cs-title\">\n\t                1. Qu\u2019est-ce qu\u2019un cookie ?\n\t            <\/h4>\t            <div class=\"cs-title-text\">\n\t                Un cookie est un petit fichier texte enregistr\u00e9 sur votre terminal (ordinateur, tablette,\nsmartphone) lorsque vous naviguez sur un site internet. Il permet de m\u00e9moriser certaines\ninformations, comme vos pr\u00e9f\u00e9rences de navigation ou des statistiques de fr\u00e9quentation.\n\t            <\/div>        <\/div>\t\t\t\t<\/div>\n\t\t\t\t<\/div>\n\t\t\t\t<div class=\"elementor-element elementor-element-760c6f2 elementor-widget elementor-widget-cs_title\" data-id=\"760c6f2\" data-element_type=\"widget\" data-e-type=\"widget\" data-widget_type=\"cs_title.default\">\n\t\t\t\t<div class=\"elementor-widget-container\">\n\t\t\t\t\t\n        <div class=\"cs-title-wrap text-left\">\t            <h4 class=\"cs-title\">\n\t                2. Quels cookies utilisons-nous ?\n\t            <\/h4>\t            <div class=\"cs-title-text\">\n\t                <p>Sur le site hotelfossettelavandou.com, nous utilisons diff\u00e9rents types de cookies :<\/p><p><br \/><strong>Cookies strictement n\u00e9cessaires<\/strong><\/p><ul><li>Ces cookies sont indispensables au fonctionnement du site (ex. : connexion<br \/>\u00e0 votre compte, panier de r\u00e9servation, pr\u00e9f\u00e9rences de langue).<\/li><li>Ils sont d\u00e9pos\u00e9s automatiquement et ne n\u00e9cessitent pas votre<br \/>consentement<\/li><\/ul><p><strong>Cookies de performance et analytics<\/strong><\/p><ul><li>\u00a0Ces cookies nous permettent de conna\u00eetre la fr\u00e9quentation du site et<br \/>d\u2019am\u00e9liorer nos services (ex. : Google Analytics).<\/li><li>\u00a0Ils sont d\u00e9pos\u00e9s uniquement si vous acceptez.<\/li><\/ul><p><strong>Cookies publicitaires et r\u00e9seaux\u00a0<\/strong><\/p><ul><li>\u00a0Ces cookies permettent de vous proposer des contenus adapt\u00e9s et de<br \/>partager des pages sur les r\u00e9seaux sociaux.<\/li><li>-Ils sont d\u00e9pos\u00e9s uniquement apr\u00e8s votre consentement<\/li><\/ul>\t            <\/div>        <\/div>\t\t\t\t<\/div>\n\t\t\t\t<\/div>\n\t\t\t\t<div class=\"elementor-element elementor-element-eddc721 elementor-widget elementor-widget-cs_title\" data-id=\"eddc721\" data-element_type=\"widget\" data-e-type=\"widget\" data-widget_type=\"cs_title.default\">\n\t\t\t\t<div class=\"elementor-widget-container\">\n\t\t\t\t\t\n        <div class=\"cs-title-wrap text-left\">\t            <h4 class=\"cs-title\">\n\t                3. Votre consentement\n\t            <\/h4>\t            <div class=\"cs-title-text\">\n\t                En poursuivant votre navigation sur notre site, vous pouvez accepter ou refuser l\u2019utilisation\ndes cookies non essentiels via la banni\u00e8re de cookies qui s\u2019affiche lors de votre premi\u00e8re\nvisite.\t            <\/div>        <\/div>\t\t\t\t<\/div>\n\t\t\t\t<\/div>\n\t\t\t\t<div class=\"elementor-element elementor-element-58be963 elementor-widget elementor-widget-cs_title\" data-id=\"58be963\" data-element_type=\"widget\" data-e-type=\"widget\" data-widget_type=\"cs_title.default\">\n\t\t\t\t<div class=\"elementor-widget-container\">\n\t\t\t\t\t\n        <div class=\"cs-title-wrap text-left\">\t            <h4 class=\"cs-title\">\n\t                4. Dur\u00e9e de conservation\n\t            <\/h4>\t            <div class=\"cs-title-text\">\n\t                Les cookies sont conserv\u00e9s pour une dur\u00e9e maximale de 13 mois, conform\u00e9ment aux\nrecommandations de la CNIL, sauf indication sp\u00e9cifique pour certains cookies tiers\t            <\/div>        <\/div>\t\t\t\t<\/div>\n\t\t\t\t<\/div>\n\t\t\t\t<div class=\"elementor-element elementor-element-029a312 elementor-widget elementor-widget-cs_title\" data-id=\"029a312\" data-element_type=\"widget\" data-e-type=\"widget\" data-widget_type=\"cs_title.default\">\n\t\t\t\t<div class=\"elementor-widget-container\">\n\t\t\t\t\t\n        <div class=\"cs-title-wrap text-left\">\t            <h4 class=\"cs-title\">\n\t                5. Contact\n\t            <\/h4>\t            <div class=\"cs-title-text\">\n\t                <p>Pour toute question concernant notre politique de cookies ou l\u2019utilisation de vos donn\u00e9es,<br \/>vous pouvez nous contacter :<br \/>Hotel de la Fossette<br \/><strong>Email : administration@hotelfossettelavandou.com<\/strong><br \/><strong>T\u00e9l\u00e9phone : +33 (0)4 94 20 30<\/strong> 40<\/p>\t            <\/div>        <\/div>\t\t\t\t<\/div>\n\t\t\t\t<\/div>\n\t\t\t\t\t<\/div>\n\t\t\t\t<\/div>\n\t\t\t\t<\/div>","protected":false},"excerpt":{"rendered":"<p>Politique De Cookies 1. Qu\u2019est-ce qu\u2019un cookie ? Un cookie est un petit fichier texte enregistr\u00e9 sur votre terminal (ordinateur, tablette, smartphone) lorsque vous naviguez sur un site internet. Il permet de m\u00e9moriser certaines informations, comme vos pr\u00e9f\u00e9rences de navigation ou des statistiques de fr\u00e9quentation. 2. Quels cookies utilisons-nous ? Sur le site hotelfossettelavandou.com, nous &#8230;<\/p>","protected":false},"author":5,"featured_media":0,"parent":0,"menu_order":0,"comment_status":"closed","ping_status":"closed","template":"elementor_header_footer","meta":{"_acf_changed":false,"cozystay_single_page_hide_site_header":"","cozystay_single_page_site_header_source":"","cozystay_single_page_custom_site_header":"0","cozystay_single_page_custom_sticky_site_header":"0","cozystay_single_page_hide_page_title":"","cozystay_single_page_header_section_size":"","cozystay_single_page_header_background_color":"","cozystay_single_page_header_background_position_x":"center","cozystay_single_page_header_background_position_y":"center","cozystay_single_page_header_background_size":"cover","cozystay_single_page_header_background_repeat":"off","cozystay_single_page_header_background_scroll":"on","cozystay_single_page_header_text_color":"","cozystay_single_page_header_show_breadcrumb":"","cozystay_single_page_site_footer_hide_main":"","cozystay_single_custom_site_footer_main_source":"","cozystay_single_custom_site_footer_main":"0","cozystay_single_page_site_footer_hide_above":"","cozystay_single_custom_site_footer_above_source":"","cozystay_single_custom_site_footer_above":"0","cozystay_single_page_site_footer_hide_instagram":"","cozystay_single_page_site_footer_hide_bottom":"","cozystay_single_custom_mobile_menu_source":"","cozystay_single_custom_mobile_menu":"0","cozystay_single_custom_mobile_menu_animation":"","cozystay_single_custom_mobile_menu_width":"","cozystay_single_custom_mobile_menu_custom_width":375,"footnotes":""},"class_list":["post-4457","page","type-page","status-publish","hentry"],"acf":[],"yoast_head":"<!-- This site is optimized with the Yoast SEO plugin v23.0 - https:\/\/yoast.com\/wordpress\/plugins\/seo\/ -->\n<title>POLITIQUE DE COOKIES - Hotel Fossette Lavandou<\/title>\n<meta name=\"robots\" content=\"index, follow, max-snippet:-1, max-image-preview:large, max-video-preview:-1\" \/>\n<link rel=\"canonical\" href=\"https:\/\/hotelfossettelavandou.com\/en\/politique-de-cookies\/\" \/>\n<meta property=\"og:locale\" content=\"en_GB\" \/>\n<meta property=\"og:type\" content=\"article\" \/>\n<meta property=\"og:title\" content=\"POLITIQUE DE COOKIES - Hotel Fossette Lavandou\" \/>\n<meta property=\"og:description\" content=\"Politique De Cookies 1. Qu\u2019est-ce qu\u2019un cookie ? Un cookie est un petit fichier texte enregistr\u00e9 sur votre terminal (ordinateur, tablette, smartphone) lorsque vous naviguez sur un site internet. Il permet de m\u00e9moriser certaines informations, comme vos pr\u00e9f\u00e9rences de navigation ou des statistiques de fr\u00e9quentation. 2. Quels cookies utilisons-nous ? Sur le site hotelfossettelavandou.com, nous ...\" \/>\n<meta property=\"og:url\" content=\"https:\/\/hotelfossettelavandou.com\/en\/politique-de-cookies\/\" \/>\n<meta property=\"og:site_name\" content=\"Hotel Fossette Lavandou\" \/>\n<meta property=\"article:modified_time\" content=\"2026-04-03T17:10:26+00:00\" \/>\n<meta name=\"twitter:card\" content=\"summary_large_image\" \/>\n<meta name=\"twitter:label1\" content=\"Estimated reading time\" \/>\n\t<meta name=\"twitter:data1\" content=\"2 minutes\" \/>\n<script type=\"application\/ld+json\" class=\"yoast-schema-graph\">{\"@context\":\"https:\/\/schema.org\",\"@graph\":[{\"@type\":\"WebPage\",\"@id\":\"https:\/\/hotelfossettelavandou.com\/politique-de-cookies\/\",\"url\":\"https:\/\/hotelfossettelavandou.com\/politique-de-cookies\/\",\"name\":\"POLITIQUE DE COOKIES - Hotel Fossette Lavandou\",\"isPartOf\":{\"@id\":\"https:\/\/hotelfossettelavandou.com\/#website\"},\"datePublished\":\"2026-04-03T17:02:52+00:00\",\"dateModified\":\"2026-04-03T17:10:26+00:00\",\"breadcrumb\":{\"@id\":\"https:\/\/hotelfossettelavandou.com\/politique-de-cookies\/#breadcrumb\"},\"inLanguage\":\"en-GB\",\"potentialAction\":[{\"@type\":\"ReadAction\",\"target\":[\"https:\/\/hotelfossettelavandou.com\/politique-de-cookies\/\"]}]},{\"@type\":\"BreadcrumbList\",\"@id\":\"https:\/\/hotelfossettelavandou.com\/politique-de-cookies\/#breadcrumb\",\"itemListElement\":[{\"@type\":\"ListItem\",\"position\":1,\"name\":\"Home\",\"item\":\"https:\/\/hotelfossettelavandou.com\/\"},{\"@type\":\"ListItem\",\"position\":2,\"name\":\"POLITIQUE DE COOKIES\"}]},{\"@type\":\"WebSite\",\"@id\":\"https:\/\/hotelfossettelavandou.com\/#website\",\"url\":\"https:\/\/hotelfossettelavandou.com\/\",\"name\":\"Hotel Fossette Lavandou\",\"description\":\"Hotel Fossette Lavandou\",\"publisher\":{\"@id\":\"https:\/\/hotelfossettelavandou.com\/#organization\"},\"potentialAction\":[{\"@type\":\"SearchAction\",\"target\":{\"@type\":\"EntryPoint\",\"urlTemplate\":\"https:\/\/hotelfossettelavandou.com\/?s={search_term_string}\"},\"query-input\":\"required name=search_term_string\"}],\"inLanguage\":\"en-GB\"},{\"@type\":\"Organization\",\"@id\":\"https:\/\/hotelfossettelavandou.com\/#organization\",\"name\":\"Hotel Fossette Lavandou\",\"url\":\"https:\/\/hotelfossettelavandou.com\/\",\"logo\":{\"@type\":\"ImageObject\",\"inLanguage\":\"en-GB\",\"@id\":\"https:\/\/hotelfossettelavandou.com\/#\/schema\/logo\/image\/\",\"url\":\"https:\/\/hotelfossettelavandou.com\/wp-content\/uploads\/2023\/03\/logo-HF-RVB-HD6.jpg.png\",\"contentUrl\":\"https:\/\/hotelfossettelavandou.com\/wp-content\/uploads\/2023\/03\/logo-HF-RVB-HD6.jpg.png\",\"width\":1181,\"height\":694,\"caption\":\"Hotel Fossette Lavandou\"},\"image\":{\"@id\":\"https:\/\/hotelfossettelavandou.com\/#\/schema\/logo\/image\/\"}}]}<\/script>\n<!-- \/ Yoast SEO plugin. -->","yoast_head_json":{"title":"POLITIQUE DE COOKIES - Hotel Fossette Lavandou","robots":{"index":"index","follow":"follow","max-snippet":"max-snippet:-1","max-image-preview":"max-image-preview:large","max-video-preview":"max-video-preview:-1"},"canonical":"https:\/\/hotelfossettelavandou.com\/en\/politique-de-cookies\/","og_locale":"en_GB","og_type":"article","og_title":"POLITIQUE DE COOKIES - Hotel Fossette Lavandou","og_description":"Politique De Cookies 1. Qu\u2019est-ce qu\u2019un cookie ? Un cookie est un petit fichier texte enregistr\u00e9 sur votre terminal (ordinateur, tablette, smartphone) lorsque vous naviguez sur un site internet. Il permet de m\u00e9moriser certaines informations, comme vos pr\u00e9f\u00e9rences de navigation ou des statistiques de fr\u00e9quentation. 2. Quels cookies utilisons-nous ? Sur le site hotelfossettelavandou.com, nous ...","og_url":"https:\/\/hotelfossettelavandou.com\/en\/politique-de-cookies\/","og_site_name":"Hotel Fossette Lavandou","article_modified_time":"2026-04-03T17:10:26+00:00","twitter_card":"summary_large_image","twitter_misc":{"Estimated reading time":"2 minutes"},"schema":{"@context":"https:\/\/schema.org","@graph":[{"@type":"WebPage","@id":"https:\/\/hotelfossettelavandou.com\/politique-de-cookies\/","url":"https:\/\/hotelfossettelavandou.com\/politique-de-cookies\/","name":"POLITIQUE DE COOKIES - Hotel Fossette Lavandou","isPartOf":{"@id":"https:\/\/hotelfossettelavandou.com\/#website"},"datePublished":"2026-04-03T17:02:52+00:00","dateModified":"2026-04-03T17:10:26+00:00","breadcrumb":{"@id":"https:\/\/hotelfossettelavandou.com\/politique-de-cookies\/#breadcrumb"},"inLanguage":"en-GB","potentialAction":[{"@type":"ReadAction","target":["https:\/\/hotelfossettelavandou.com\/politique-de-cookies\/"]}]},{"@type":"BreadcrumbList","@id":"https:\/\/hotelfossettelavandou.com\/politique-de-cookies\/#breadcrumb","itemListElement":[{"@type":"ListItem","position":1,"name":"Home","item":"https:\/\/hotelfossettelavandou.com\/"},{"@type":"ListItem","position":2,"name":"POLITIQUE DE COOKIES"}]},{"@type":"WebSite","@id":"https:\/\/hotelfossettelavandou.com\/#website","url":"https:\/\/hotelfossettelavandou.com\/","name":"Hotel Fossette Lavandou","description":"Hotel Fossette Lavandou","publisher":{"@id":"https:\/\/hotelfossettelavandou.com\/#organization"},"potentialAction":[{"@type":"SearchAction","target":{"@type":"EntryPoint","urlTemplate":"https:\/\/hotelfossettelavandou.com\/?s={search_term_string}"},"query-input":"required name=search_term_string"}],"inLanguage":"en-GB"},{"@type":"Organization","@id":"https:\/\/hotelfossettelavandou.com\/#organization","name":"Hotel Fossette Lavandou","url":"https:\/\/hotelfossettelavandou.com\/","logo":{"@type":"ImageObject","inLanguage":"en-GB","@id":"https:\/\/hotelfossettelavandou.com\/#\/schema\/logo\/image\/","url":"https:\/\/hotelfossettelavandou.com\/wp-content\/uploads\/2023\/03\/logo-HF-RVB-HD6.jpg.png","contentUrl":"https:\/\/hotelfossettelavandou.com\/wp-content\/uploads\/2023\/03\/logo-HF-RVB-HD6.jpg.png","width":1181,"height":694,"caption":"Hotel Fossette Lavandou"},"image":{"@id":"https:\/\/hotelfossettelavandou.com\/#\/schema\/logo\/image\/"}}]}},"_links":{"self":[{"href":"https:\/\/hotelfossettelavandou.com\/en\/wp-json\/wp\/v2\/pages\/4457","targetHints":{"allow":["GET"]}}],"collection":[{"href":"https:\/\/hotelfossettelavandou.com\/en\/wp-json\/wp\/v2\/pages"}],"about":[{"href":"https:\/\/hotelfossettelavandou.com\/en\/wp-json\/wp\/v2\/types\/page"}],"author":[{"embeddable":true,"href":"https:\/\/hotelfossettelavandou.com\/en\/wp-json\/wp\/v2\/users\/5"}],"replies":[{"embeddable":true,"href":"https:\/\/hotelfossettelavandou.com\/en\/wp-json\/wp\/v2\/comments?post=4457"}],"version-history":[{"count":10,"href":"https:\/\/hotelfossettelavandou.com\/en\/wp-json\/wp\/v2\/pages\/4457\/revisions"}],"predecessor-version":[{"id":4470,"href":"https:\/\/hotelfossettelavandou.com\/en\/wp-json\/wp\/v2\/pages\/4457\/revisions\/4470"}],"wp:attachment":[{"href":"https:\/\/hotelfossettelavandou.com\/en\/wp-json\/wp\/v2\/media?parent=4457"}],"curies":[{"name":"wp","href":"https:\/\/api.w.org\/{rel}","templated":true}]}}