{"id":4471,"date":"2026-04-03T18:11:14","date_gmt":"2026-04-03T17:11:14","guid":{"rendered":"https:\/\/hotelfossettelavandou.com\/?page_id=4471"},"modified":"2026-04-03T18:17:01","modified_gmt":"2026-04-03T17:17:01","slug":"mentions-legales","status":"publish","type":"page","link":"https:\/\/hotelfossettelavandou.com\/en\/mentions-legales\/","title":{"rendered":"Mentions l\u00e9gales"},"content":{"rendered":"<div data-elementor-type=\"wp-page\" data-elementor-id=\"4471\" class=\"elementor elementor-4471\" data-elementor-post-type=\"page\">\n\t\t\t\t\t\t<section class=\"elementor-section elementor-top-section elementor-element elementor-element-0ff8732 elementor-section-height-min-height cs-section-content-fullwidth cs-parallax-on-scroll cs_scroll_y_80 elementor-section-boxed elementor-section-height-default elementor-section-items-middle\" data-id=\"0ff8732\" data-element_type=\"section\" data-e-type=\"section\" data-settings=\"{&quot;background_background&quot;:&quot;classic&quot;}\" data-cs-parallax-y=\"80\" style=\"background-image: none;\" data-cs-background-image=\"https:\/\/hotelfossettelavandou.com\/wp-content\/uploads\/2026\/04\/WhatsApp-Image-2026-04-03-at-4.35.51-PM.jpeg\">\n\t\t\t\t\t\t\t<div class=\"elementor-background-overlay\"><\/div>\n\t\t\t\t\t\t\t<div class=\"elementor-container elementor-column-gap-no\">\n\t\t\t\t\t<div class=\"elementor-column elementor-col-100 elementor-top-column elementor-element elementor-element-8ae5bf2 dark-color\" data-id=\"8ae5bf2\" data-element_type=\"column\" data-e-type=\"column\">\n\t\t\t<div class=\"elementor-widget-wrap elementor-element-populated\">\n\t\t\t\t\t\t<div class=\"elementor-element elementor-element-9eae923 elementor-widget elementor-widget-cs_title\" data-id=\"9eae923\" data-element_type=\"widget\" data-e-type=\"widget\" data-widget_type=\"cs_title.default\">\n\t\t\t\t<div class=\"elementor-widget-container\">\n\t\t\t\t\t\n        <div class=\"cs-title-wrap text-center\">\t            <h3 class=\"cs-title\">\n\t                Mentions l\u00e9gales\t            <\/h3>        <\/div>\t\t\t\t<\/div>\n\t\t\t\t<\/div>\n\t\t\t\t\t<\/div>\n\t\t<\/div>\n\t\t\t\t\t<\/div>\n\t\t<\/section>\n\t\t<div class=\"elementor-element elementor-element-7cc773f e-flex e-con-boxed e-con e-parent\" data-id=\"7cc773f\" data-element_type=\"container\" data-e-type=\"container\">\n\t\t\t\t\t<div class=\"e-con-inner\">\n\t\t\t\t<div class=\"elementor-element elementor-element-24527cc elementor-widget elementor-widget-cs_title\" data-id=\"24527cc\" data-element_type=\"widget\" data-e-type=\"widget\" data-widget_type=\"cs_title.default\">\n\t\t\t\t<div class=\"elementor-widget-container\">\n\t\t\t\t\t\n        <div class=\"cs-title-wrap text-left\">\t            <h4 class=\"cs-title\">\n\t                1. \u00c9diteur du site\n\t            <\/h4>\t            <div class=\"cs-title-text\">\n\t                <p><strong>Nom de l\u2019h\u00f4tel :<\/strong> Hotel de la Fossette<\/p><p><strong>Forme juridique :<\/strong> SARL TRIDENT DEVELOPMENT<br \/><strong>Adresse<\/strong> : 14 \u2013 16 Avenue du Capitaine Thorel, 83980 Le Lavandou<br \/><strong>Num\u00e9ro SIRET \/ RCS<\/strong> : 909231896<br \/><strong>Email<\/strong> : administration@hotelfossettelavandou.com<br \/><strong>T\u00e9l\u00e9phone<\/strong> : +33 (0)4 94 20 30 40<\/p><p><strong>Nom de l\u2019h\u00e9bergeur :<\/strong> Hostinger.com<br \/><strong>Adresse<\/strong> : Lordou Vironos Street, 6023 Larnaca, Chypre,<br \/><strong>Email<\/strong> : support@hostinger.com<\/p>\t            <\/div>        <\/div>\t\t\t\t<\/div>\n\t\t\t\t<\/div>\n\t\t\t\t<div class=\"elementor-element elementor-element-6d262b4 elementor-widget elementor-widget-cs_title\" data-id=\"6d262b4\" data-element_type=\"widget\" data-e-type=\"widget\" data-widget_type=\"cs_title.default\">\n\t\t\t\t<div class=\"elementor-widget-container\">\n\t\t\t\t\t\n        <div class=\"cs-title-wrap text-left\">\t            <h4 class=\"cs-title\">\n\t                2. H\u00e9bergeur du site\n\t            <\/h4>\t            <div class=\"cs-title-text\">\n\t                <p><strong>Nom de l\u2019h\u00e9bergeur :<\/strong> Hostinger.com<br \/><strong>Adresse<\/strong> : Lordou Vironos Street, 6023 Larnaca, Chypre,<br \/><strong>Email<\/strong> : support@hostinger.com<\/p>\t            <\/div>        <\/div>\t\t\t\t<\/div>\n\t\t\t\t<\/div>\n\t\t\t\t<div class=\"elementor-element elementor-element-08eccc8 elementor-widget elementor-widget-cs_title\" data-id=\"08eccc8\" data-element_type=\"widget\" data-e-type=\"widget\" data-widget_type=\"cs_title.default\">\n\t\t\t\t<div class=\"elementor-widget-container\">\n\t\t\t\t\t\n        <div class=\"cs-title-wrap text-left\">\t            <h4 class=\"cs-title\">\n\t                3. Propri\u00e9t\u00e9 intellectuelle\n\t            <\/h4>\t            <div class=\"cs-title-text\">\n\t                <p>L\u2019ensemble du contenu du site (textes, images, logos, vid\u00e9os, design, code source) est la<br \/>propri\u00e9t\u00e9 de l\u2019h\u00f4tel de la Fossette ou de ses partenaires et est prot\u00e9g\u00e9 par la l\u00e9gislation<br \/>fran\u00e7aise et internationale sur le droit d\u2019auteur.<br \/>Toute reproduction, diffusion ou modification, totale ou partielle, est interdite sans<br \/>autorisation \u00e9crite pr\u00e9alable.<\/p>\t            <\/div>        <\/div>\t\t\t\t<\/div>\n\t\t\t\t<\/div>\n\t\t\t\t<div class=\"elementor-element elementor-element-b6fe51c elementor-widget elementor-widget-cs_title\" data-id=\"b6fe51c\" data-element_type=\"widget\" data-e-type=\"widget\" data-widget_type=\"cs_title.default\">\n\t\t\t\t<div class=\"elementor-widget-container\">\n\t\t\t\t\t\n        <div class=\"cs-title-wrap text-left\">\t            <h4 class=\"cs-title\">\n\t                4. Donn\u00e9es personnelles\n\t            <\/h4>\t            <div class=\"cs-title-text\">\n\t                <p>Conform\u00e9ment au <strong>RGPD<\/strong>, vous disposez d\u2019un droit d\u2019acc\u00e8s, de rectification et de<br \/>suppression de vos donn\u00e9es personnelles.<br \/>Pour exercer vos droits, contactez-nous \u00e0 : administration@hotelfossettelavandou.com<br \/>Pour plus d\u2019informations, consultez notre page<strong> Politique de confidentialit\u00e9.<\/strong><\/p>\t            <\/div>        <\/div>\t\t\t\t<\/div>\n\t\t\t\t<\/div>\n\t\t\t\t<div class=\"elementor-element elementor-element-c40788b elementor-widget elementor-widget-cs_title\" data-id=\"c40788b\" data-element_type=\"widget\" data-e-type=\"widget\" data-widget_type=\"cs_title.default\">\n\t\t\t\t<div class=\"elementor-widget-container\">\n\t\t\t\t\t\n        <div class=\"cs-title-wrap text-left\">\t            <h4 class=\"cs-title\">\n\t                5. Cookies\n\t            <\/h4>\t            <div class=\"cs-title-text\">\n\t                <p>Ce site utilise des cookies pour am\u00e9liorer votre exp\u00e9rience. Pour plus d\u2019informations,<br \/>consultez notre<strong> Politique de cookies.<\/strong><\/p>\t            <\/div>        <\/div>\t\t\t\t<\/div>\n\t\t\t\t<\/div>\n\t\t\t\t<div class=\"elementor-element elementor-element-390ea08 elementor-widget elementor-widget-cs_title\" data-id=\"390ea08\" data-element_type=\"widget\" data-e-type=\"widget\" data-widget_type=\"cs_title.default\">\n\t\t\t\t<div class=\"elementor-widget-container\">\n\t\t\t\t\t\n        <div class=\"cs-title-wrap text-left\">\t            <h4 class=\"cs-title\">\n\t                6. Responsabilit\u00e9\n\t            <\/h4>\t            <div class=\"cs-title-text\">\n\t                <p>Les informations pr\u00e9sentes sur le site sont fournies \u00e0 titre informatif. <strong>L\u2019h\u00f4tel de la<\/strong><br \/><strong>Fossette<\/strong> ne peut \u00eatre tenu responsable d\u2019\u00e9ventuelles erreurs ou omissions et de<br \/>l\u2019utilisation qui pourrait en \u00eatre faite<\/p>\t            <\/div>        <\/div>\t\t\t\t<\/div>\n\t\t\t\t<\/div>\n\t\t\t\t<div class=\"elementor-element elementor-element-6eb061d elementor-widget elementor-widget-cs_title\" data-id=\"6eb061d\" data-element_type=\"widget\" data-e-type=\"widget\" data-widget_type=\"cs_title.default\">\n\t\t\t\t<div class=\"elementor-widget-container\">\n\t\t\t\t\t\n        <div class=\"cs-title-wrap text-left\">\t            <h4 class=\"cs-title\">\n\t                7. Loi applicable\n\t            <\/h4>\t            <div class=\"cs-title-text\">\n\t                Le pr\u00e9sent site est soumis au droit fran\u00e7ais. En cas de litige, les tribunaux fran\u00e7ais seront\nseuls comp\u00e9tents.\t            <\/div>        <\/div>\t\t\t\t<\/div>\n\t\t\t\t<\/div>\n\t\t\t\t\t<\/div>\n\t\t\t\t<\/div>\n\t\t\t\t<\/div>","protected":false},"excerpt":{"rendered":"<p>Mentions l\u00e9gales 1. \u00c9diteur du site Nom de l\u2019h\u00f4tel : Hotel de la Fossette Forme juridique : SARL TRIDENT DEVELOPMENTAdresse : 14 \u2013 16 Avenue du Capitaine Thorel, 83980 Le LavandouNum\u00e9ro SIRET \/ RCS : 909231896Email : administration@hotelfossettelavandou.comT\u00e9l\u00e9phone : +33 (0)4 94 20 30 40 Nom de l\u2019h\u00e9bergeur : Hostinger.comAdresse : Lordou Vironos Street, 6023 &#8230;<\/p>","protected":false},"author":5,"featured_media":0,"parent":0,"menu_order":0,"comment_status":"closed","ping_status":"closed","template":"elementor_header_footer","meta":{"_acf_changed":false,"cozystay_single_page_hide_site_header":"","cozystay_single_page_site_header_source":"","cozystay_single_page_custom_site_header":"0","cozystay_single_page_custom_sticky_site_header":"0","cozystay_single_page_hide_page_title":"","cozystay_single_page_header_section_size":"","cozystay_single_page_header_background_color":"","cozystay_single_page_header_background_position_x":"center","cozystay_single_page_header_background_position_y":"center","cozystay_single_page_header_background_size":"cover","cozystay_single_page_header_background_repeat":"off","cozystay_single_page_header_background_scroll":"on","cozystay_single_page_header_text_color":"","cozystay_single_page_header_show_breadcrumb":"","cozystay_single_page_site_footer_hide_main":"","cozystay_single_custom_site_footer_main_source":"","cozystay_single_custom_site_footer_main":"0","cozystay_single_page_site_footer_hide_above":"","cozystay_single_custom_site_footer_above_source":"","cozystay_single_custom_site_footer_above":"0","cozystay_single_page_site_footer_hide_instagram":"","cozystay_single_page_site_footer_hide_bottom":"","cozystay_single_custom_mobile_menu_source":"","cozystay_single_custom_mobile_menu":"0","cozystay_single_custom_mobile_menu_animation":"","cozystay_single_custom_mobile_menu_width":"","cozystay_single_custom_mobile_menu_custom_width":375,"footnotes":""},"class_list":["post-4471","page","type-page","status-publish","hentry"],"acf":[],"yoast_head":"<!-- This site is optimized with the Yoast SEO plugin v23.0 - https:\/\/yoast.com\/wordpress\/plugins\/seo\/ -->\n<title>Mentions l\u00e9gales - Hotel Fossette Lavandou<\/title>\n<meta name=\"robots\" content=\"index, follow, max-snippet:-1, max-image-preview:large, max-video-preview:-1\" \/>\n<link rel=\"canonical\" href=\"https:\/\/hotelfossettelavandou.com\/en\/mentions-legales\/\" \/>\n<meta property=\"og:locale\" content=\"en_GB\" \/>\n<meta property=\"og:type\" content=\"article\" \/>\n<meta property=\"og:title\" content=\"Mentions l\u00e9gales - Hotel Fossette Lavandou\" \/>\n<meta property=\"og:description\" content=\"Mentions l\u00e9gales 1. \u00c9diteur du site Nom de l\u2019h\u00f4tel : Hotel de la Fossette Forme juridique : SARL TRIDENT DEVELOPMENTAdresse : 14 \u2013 16 Avenue du Capitaine Thorel, 83980 Le LavandouNum\u00e9ro SIRET \/ RCS : 909231896Email : administration@hotelfossettelavandou.comT\u00e9l\u00e9phone : +33 (0)4 94 20 30 40 Nom de l\u2019h\u00e9bergeur : Hostinger.comAdresse : Lordou Vironos Street, 6023 ...\" \/>\n<meta property=\"og:url\" content=\"https:\/\/hotelfossettelavandou.com\/en\/mentions-legales\/\" \/>\n<meta property=\"og:site_name\" content=\"Hotel Fossette Lavandou\" \/>\n<meta property=\"article:modified_time\" content=\"2026-04-03T17:17:01+00:00\" \/>\n<meta name=\"twitter:card\" content=\"summary_large_image\" \/>\n<meta name=\"twitter:label1\" content=\"Estimated reading time\" \/>\n\t<meta name=\"twitter:data1\" content=\"2 minutes\" \/>\n<script type=\"application\/ld+json\" class=\"yoast-schema-graph\">{\"@context\":\"https:\/\/schema.org\",\"@graph\":[{\"@type\":\"WebPage\",\"@id\":\"https:\/\/hotelfossettelavandou.com\/mentions-legales\/\",\"url\":\"https:\/\/hotelfossettelavandou.com\/mentions-legales\/\",\"name\":\"Mentions l\u00e9gales - Hotel Fossette Lavandou\",\"isPartOf\":{\"@id\":\"https:\/\/hotelfossettelavandou.com\/#website\"},\"datePublished\":\"2026-04-03T17:11:14+00:00\",\"dateModified\":\"2026-04-03T17:17:01+00:00\",\"breadcrumb\":{\"@id\":\"https:\/\/hotelfossettelavandou.com\/mentions-legales\/#breadcrumb\"},\"inLanguage\":\"en-GB\",\"potentialAction\":[{\"@type\":\"ReadAction\",\"target\":[\"https:\/\/hotelfossettelavandou.com\/mentions-legales\/\"]}]},{\"@type\":\"BreadcrumbList\",\"@id\":\"https:\/\/hotelfossettelavandou.com\/mentions-legales\/#breadcrumb\",\"itemListElement\":[{\"@type\":\"ListItem\",\"position\":1,\"name\":\"Home\",\"item\":\"https:\/\/hotelfossettelavandou.com\/\"},{\"@type\":\"ListItem\",\"position\":2,\"name\":\"Mentions l\u00e9gales\"}]},{\"@type\":\"WebSite\",\"@id\":\"https:\/\/hotelfossettelavandou.com\/#website\",\"url\":\"https:\/\/hotelfossettelavandou.com\/\",\"name\":\"Hotel Fossette Lavandou\",\"description\":\"Hotel Fossette Lavandou\",\"publisher\":{\"@id\":\"https:\/\/hotelfossettelavandou.com\/#organization\"},\"potentialAction\":[{\"@type\":\"SearchAction\",\"target\":{\"@type\":\"EntryPoint\",\"urlTemplate\":\"https:\/\/hotelfossettelavandou.com\/?s={search_term_string}\"},\"query-input\":\"required name=search_term_string\"}],\"inLanguage\":\"en-GB\"},{\"@type\":\"Organization\",\"@id\":\"https:\/\/hotelfossettelavandou.com\/#organization\",\"name\":\"Hotel Fossette Lavandou\",\"url\":\"https:\/\/hotelfossettelavandou.com\/\",\"logo\":{\"@type\":\"ImageObject\",\"inLanguage\":\"en-GB\",\"@id\":\"https:\/\/hotelfossettelavandou.com\/#\/schema\/logo\/image\/\",\"url\":\"https:\/\/hotelfossettelavandou.com\/wp-content\/uploads\/2023\/03\/logo-HF-RVB-HD6.jpg.png\",\"contentUrl\":\"https:\/\/hotelfossettelavandou.com\/wp-content\/uploads\/2023\/03\/logo-HF-RVB-HD6.jpg.png\",\"width\":1181,\"height\":694,\"caption\":\"Hotel Fossette Lavandou\"},\"image\":{\"@id\":\"https:\/\/hotelfossettelavandou.com\/#\/schema\/logo\/image\/\"}}]}<\/script>\n<!-- \/ Yoast SEO plugin. -->","yoast_head_json":{"title":"Mentions l\u00e9gales - Hotel Fossette Lavandou","robots":{"index":"index","follow":"follow","max-snippet":"max-snippet:-1","max-image-preview":"max-image-preview:large","max-video-preview":"max-video-preview:-1"},"canonical":"https:\/\/hotelfossettelavandou.com\/en\/mentions-legales\/","og_locale":"en_GB","og_type":"article","og_title":"Mentions l\u00e9gales - Hotel Fossette Lavandou","og_description":"Mentions l\u00e9gales 1. \u00c9diteur du site Nom de l\u2019h\u00f4tel : Hotel de la Fossette Forme juridique : SARL TRIDENT DEVELOPMENTAdresse : 14 \u2013 16 Avenue du Capitaine Thorel, 83980 Le LavandouNum\u00e9ro SIRET \/ RCS : 909231896Email : administration@hotelfossettelavandou.comT\u00e9l\u00e9phone : +33 (0)4 94 20 30 40 Nom de l\u2019h\u00e9bergeur : Hostinger.comAdresse : Lordou Vironos Street, 6023 ...","og_url":"https:\/\/hotelfossettelavandou.com\/en\/mentions-legales\/","og_site_name":"Hotel Fossette Lavandou","article_modified_time":"2026-04-03T17:17:01+00:00","twitter_card":"summary_large_image","twitter_misc":{"Estimated reading time":"2 minutes"},"schema":{"@context":"https:\/\/schema.org","@graph":[{"@type":"WebPage","@id":"https:\/\/hotelfossettelavandou.com\/mentions-legales\/","url":"https:\/\/hotelfossettelavandou.com\/mentions-legales\/","name":"Mentions l\u00e9gales - Hotel Fossette Lavandou","isPartOf":{"@id":"https:\/\/hotelfossettelavandou.com\/#website"},"datePublished":"2026-04-03T17:11:14+00:00","dateModified":"2026-04-03T17:17:01+00:00","breadcrumb":{"@id":"https:\/\/hotelfossettelavandou.com\/mentions-legales\/#breadcrumb"},"inLanguage":"en-GB","potentialAction":[{"@type":"ReadAction","target":["https:\/\/hotelfossettelavandou.com\/mentions-legales\/"]}]},{"@type":"BreadcrumbList","@id":"https:\/\/hotelfossettelavandou.com\/mentions-legales\/#breadcrumb","itemListElement":[{"@type":"ListItem","position":1,"name":"Home","item":"https:\/\/hotelfossettelavandou.com\/"},{"@type":"ListItem","position":2,"name":"Mentions l\u00e9gales"}]},{"@type":"WebSite","@id":"https:\/\/hotelfossettelavandou.com\/#website","url":"https:\/\/hotelfossettelavandou.com\/","name":"Hotel Fossette Lavandou","description":"Hotel Fossette Lavandou","publisher":{"@id":"https:\/\/hotelfossettelavandou.com\/#organization"},"potentialAction":[{"@type":"SearchAction","target":{"@type":"EntryPoint","urlTemplate":"https:\/\/hotelfossettelavandou.com\/?s={search_term_string}"},"query-input":"required name=search_term_string"}],"inLanguage":"en-GB"},{"@type":"Organization","@id":"https:\/\/hotelfossettelavandou.com\/#organization","name":"Hotel Fossette Lavandou","url":"https:\/\/hotelfossettelavandou.com\/","logo":{"@type":"ImageObject","inLanguage":"en-GB","@id":"https:\/\/hotelfossettelavandou.com\/#\/schema\/logo\/image\/","url":"https:\/\/hotelfossettelavandou.com\/wp-content\/uploads\/2023\/03\/logo-HF-RVB-HD6.jpg.png","contentUrl":"https:\/\/hotelfossettelavandou.com\/wp-content\/uploads\/2023\/03\/logo-HF-RVB-HD6.jpg.png","width":1181,"height":694,"caption":"Hotel Fossette Lavandou"},"image":{"@id":"https:\/\/hotelfossettelavandou.com\/#\/schema\/logo\/image\/"}}]}},"_links":{"self":[{"href":"https:\/\/hotelfossettelavandou.com\/en\/wp-json\/wp\/v2\/pages\/4471","targetHints":{"allow":["GET"]}}],"collection":[{"href":"https:\/\/hotelfossettelavandou.com\/en\/wp-json\/wp\/v2\/pages"}],"about":[{"href":"https:\/\/hotelfossettelavandou.com\/en\/wp-json\/wp\/v2\/types\/page"}],"author":[{"embeddable":true,"href":"https:\/\/hotelfossettelavandou.com\/en\/wp-json\/wp\/v2\/users\/5"}],"replies":[{"embeddable":true,"href":"https:\/\/hotelfossettelavandou.com\/en\/wp-json\/wp\/v2\/comments?post=4471"}],"version-history":[{"count":13,"href":"https:\/\/hotelfossettelavandou.com\/en\/wp-json\/wp\/v2\/pages\/4471\/revisions"}],"predecessor-version":[{"id":4488,"href":"https:\/\/hotelfossettelavandou.com\/en\/wp-json\/wp\/v2\/pages\/4471\/revisions\/4488"}],"wp:attachment":[{"href":"https:\/\/hotelfossettelavandou.com\/en\/wp-json\/wp\/v2\/media?parent=4471"}],"curies":[{"name":"wp","href":"https:\/\/api.w.org\/{rel}","templated":true}]}}